{"id":31900,"date":"2021-02-22T20:37:36","date_gmt":"2021-02-22T19:37:36","guid":{"rendered":"https:\/\/dualtron-store.com\/?post_type=product&#038;p=31900"},"modified":"2025-11-16T14:20:06","modified_gmt":"2025-11-16T13:20:06","slug":"kiddy-bar-dtx-carbonrevo-pour-dualtron-x-et-x2","status":"publish","type":"product","link":"https:\/\/dualtron-store.com\/index.php\/produit\/kiddy-bar-dtx-carbonrevo-pour-dualtron-x-et-x2\/","title":{"rendered":"Kiddy bar DTX- CarbonRevo &#8211; pour dualtron X et X2"},"content":{"rendered":"","protected":false},"excerpt":{"rendered":"<p><strong>Kiddy bar &#8211; carbone CarbonRevo pour Dualtron X ET X2.<\/strong><\/p>\n<p>Produit Authentique de la luxueuse marque CarbonRevo.<br \/>\nMade in Singapour.<\/p>\n<ul>\n<li>barre en carbone,<\/li>\n<li>Se fixe au niveau de la colonne,<\/li>\n<li>am\u00e9liore la visibilit\u00e9, embouts LED rouge, 3 positions: \u00e9teint, fixe ou clignotant.<\/li>\n<\/ul>\n","protected":false},"featured_media":31906,"comment_status":"open","ping_status":"closed","template":"","meta":{"om_disable_all_campaigns":false,"_mi_skip_tracking":false,"_monsterinsights_sitenote_active":false,"_monsterinsights_sitenote_note":"","_monsterinsights_sitenote_category":0},"product_cat":[158,281,273,527,18,51],"product_tag":[],"aioseo_notices":[],"_links":{"self":[{"href":"https:\/\/dualtron-store.com\/index.php\/wp-json\/wp\/v2\/product\/31900"}],"collection":[{"href":"https:\/\/dualtron-store.com\/index.php\/wp-json\/wp\/v2\/product"}],"about":[{"href":"https:\/\/dualtron-store.com\/index.php\/wp-json\/wp\/v2\/types\/product"}],"replies":[{"embeddable":true,"href":"https:\/\/dualtron-store.com\/index.php\/wp-json\/wp\/v2\/comments?post=31900"}],"wp:featuredmedia":[{"embeddable":true,"href":"https:\/\/dualtron-store.com\/index.php\/wp-json\/wp\/v2\/media\/31906"}],"wp:attachment":[{"href":"https:\/\/dualtron-store.com\/index.php\/wp-json\/wp\/v2\/media?parent=31900"}],"wp:term":[{"taxonomy":"product_cat","embeddable":true,"href":"https:\/\/dualtron-store.com\/index.php\/wp-json\/wp\/v2\/product_cat?post=31900"},{"taxonomy":"product_tag","embeddable":true,"href":"https:\/\/dualtron-store.com\/index.php\/wp-json\/wp\/v2\/product_tag?post=31900"}],"curies":[{"name":"wp","href":"https:\/\/api.w.org\/{rel}","templated":true}]}}