{"id":3179,"date":"2019-08-13T14:30:46","date_gmt":"2019-08-13T12:30:46","guid":{"rendered":"https:\/\/dualtron-store.com\/?post_type=product&#038;p=3179"},"modified":"2026-04-24T20:26:39","modified_gmt":"2026-04-24T18:26:39","slug":"cable-capteur-de-frein-nutt","status":"publish","type":"product","link":"https:\/\/dualtron-store.com\/index.php\/produit\/cable-capteur-de-frein-nutt\/","title":{"rendered":"c\u00e2ble capteur de frein Nutt"},"content":{"rendered":"","protected":false},"excerpt":{"rendered":"<p>C\u00e2ble \u00e9lectrique int\u00e9grant le capteur de frein pour Dualtron Thunder\/Thunder 2\/Thunder 3 , Storm , Ultra 2, Victor Luxury (Version Nutt uniquement), Victor Luxury +.<\/p>\n<p><strong>Pi\u00e8ce d&#8217;origine Minimotors.<\/strong><\/p>\n","protected":false},"featured_media":3180,"comment_status":"open","ping_status":"closed","template":"","meta":{"om_disable_all_campaigns":false,"_mi_skip_tracking":false,"_monsterinsights_sitenote_active":false,"_monsterinsights_sitenote_note":"","_monsterinsights_sitenote_category":0},"product_cat":[18,51],"product_tag":[],"aioseo_notices":[],"_links":{"self":[{"href":"https:\/\/dualtron-store.com\/index.php\/wp-json\/wp\/v2\/product\/3179"}],"collection":[{"href":"https:\/\/dualtron-store.com\/index.php\/wp-json\/wp\/v2\/product"}],"about":[{"href":"https:\/\/dualtron-store.com\/index.php\/wp-json\/wp\/v2\/types\/product"}],"replies":[{"embeddable":true,"href":"https:\/\/dualtron-store.com\/index.php\/wp-json\/wp\/v2\/comments?post=3179"}],"wp:featuredmedia":[{"embeddable":true,"href":"https:\/\/dualtron-store.com\/index.php\/wp-json\/wp\/v2\/media\/3180"}],"wp:attachment":[{"href":"https:\/\/dualtron-store.com\/index.php\/wp-json\/wp\/v2\/media?parent=3179"}],"wp:term":[{"taxonomy":"product_cat","embeddable":true,"href":"https:\/\/dualtron-store.com\/index.php\/wp-json\/wp\/v2\/product_cat?post=3179"},{"taxonomy":"product_tag","embeddable":true,"href":"https:\/\/dualtron-store.com\/index.php\/wp-json\/wp\/v2\/product_tag?post=3179"}],"curies":[{"name":"wp","href":"https:\/\/api.w.org\/{rel}","templated":true}]}}