{"id":31422,"date":"2021-01-21T11:04:03","date_gmt":"2021-01-21T10:04:03","guid":{"rendered":"https:\/\/dualtron-store.com\/?post_type=product&#038;p=31422"},"modified":"2026-04-18T17:23:04","modified_gmt":"2026-04-18T15:23:04","slug":"bandeau-led-colonne-pour-dualtron-nouvelle-generation","status":"publish","type":"product","link":"https:\/\/dualtron-store.com\/index.php\/produit\/bandeau-led-colonne-pour-dualtron-nouvelle-generation\/","title":{"rendered":"Bandeau led colonne pour Dualtron nouvelle g\u00e9n\u00e9ration"},"content":{"rendered":"","protected":false},"excerpt":{"rendered":"<p><strong>Bandeau led nouvelle g\u00e9n\u00e9ration pour colonne de Dualtron\u00a0<\/strong><\/p>\n<p>Compatible uniquement avec la nouvelle g\u00e9n\u00e9ration de contr\u00f4leur de led, Il faudra \u00eatre en possession du nouveau contr\u00f4leur ( disponible sur le site ) pour que ce sois compatible<\/p>\n","protected":false},"featured_media":31421,"comment_status":"open","ping_status":"closed","template":"","meta":{"om_disable_all_campaigns":false,"_mi_skip_tracking":false,"_monsterinsights_sitenote_active":false,"_monsterinsights_sitenote_note":"","_monsterinsights_sitenote_category":0},"product_cat":[275,288,277,278,272,274,279,280,18,51],"product_tag":[],"aioseo_notices":[],"_links":{"self":[{"href":"https:\/\/dualtron-store.com\/index.php\/wp-json\/wp\/v2\/product\/31422"}],"collection":[{"href":"https:\/\/dualtron-store.com\/index.php\/wp-json\/wp\/v2\/product"}],"about":[{"href":"https:\/\/dualtron-store.com\/index.php\/wp-json\/wp\/v2\/types\/product"}],"replies":[{"embeddable":true,"href":"https:\/\/dualtron-store.com\/index.php\/wp-json\/wp\/v2\/comments?post=31422"}],"wp:featuredmedia":[{"embeddable":true,"href":"https:\/\/dualtron-store.com\/index.php\/wp-json\/wp\/v2\/media\/31421"}],"wp:attachment":[{"href":"https:\/\/dualtron-store.com\/index.php\/wp-json\/wp\/v2\/media?parent=31422"}],"wp:term":[{"taxonomy":"product_cat","embeddable":true,"href":"https:\/\/dualtron-store.com\/index.php\/wp-json\/wp\/v2\/product_cat?post=31422"},{"taxonomy":"product_tag","embeddable":true,"href":"https:\/\/dualtron-store.com\/index.php\/wp-json\/wp\/v2\/product_tag?post=31422"}],"curies":[{"name":"wp","href":"https:\/\/api.w.org\/{rel}","templated":true}]}}