{"id":31261,"date":"2022-06-26T17:59:09","date_gmt":"2022-06-26T15:59:09","guid":{"rendered":"https:\/\/dualtron-store.com\/?post_type=product&#038;p=31261"},"modified":"2025-06-18T14:20:46","modified_gmt":"2025-06-18T12:20:46","slug":"dualtron-eagle-edition-nutt","status":"publish","type":"product","link":"https:\/\/dualtron-store.com\/index.php\/produit\/dualtron-eagle-edition-nutt\/","title":{"rendered":"Dualtron Eagle &#8211; Edition NUTT"},"content":{"rendered":"<div>Caract\u00e9ristiques techniques<strong> :<\/strong><\/div>\n<div>\n<ul>\n<li>jusque 50km<\/li>\n<li>vitesse max : 65 km\/h sur voie priv\u00e9e<\/li>\n<li>Poids : 28 kg<\/li>\n<li>Charge max : 120 kg<\/li>\n<li>Puissance : 3300 W<\/li>\n<li>Batterie 60v 18,2 ah<\/li>\n<li>Freins : Freins avant et arri\u00e8re hydraulique NUTT + \u00e9lectromagn\u00e9tique (KERS)<\/li>\n<li>Roues 10\u2033 pneus chambre \u00e0 air<\/li>\n<li>Led avant\/arri\u00e8re<\/li>\n<li>Cadre aluminium<\/li>\n<li>Suspension \u00e0 cartouche PU avant et arri\u00e8re<\/li>\n<\/ul>\n<\/div>\n","protected":false},"excerpt":{"rendered":"<p><img loading=\"lazy\" class=\"alignnone wp-image-614\" src=\"https:\/\/dualtron-store.com\/wp-content\/uploads\/2018\/06\/dulatron.png\" alt=\"\" width=\"246\" height=\"52\" \/><\/p>\n<p>Cette nouvelle trottinette <strong>Eagle \u00e9dition NUTT<\/strong>\u00a0est une nouveaut\u00e9 2021 dans la gamme<strong> Dualtron<\/strong> de MiniMotors. Elle propose d&#8217;excellentes performances au regard de son tarif. Ses doubles <strong>suspensions<\/strong> avant et arri\u00e8re offrent un confort de ride optimal. Cela permet alors de rouler sur toutes les surfaces. Ce nouveau mod\u00e8le Minimotors est aussi <strong>pliable<\/strong>. Il est alors possible de la transporter partout dans votre voiture et les transports en commun. Au niveau \u00e9quipement, la <strong>Dualtron Eagle<\/strong> poss\u00e8de un <strong>\u00e9cran LCD EY3<\/strong>. Elle dispose \u00e9galement de phares LED avant et arri\u00e8re, un feu stop et de l&#8217;\u00e9clairage de la colonne comme la Dualtron Thunder.<\/p>\n","protected":false},"featured_media":86388,"comment_status":"open","ping_status":"closed","template":"","meta":{"om_disable_all_campaigns":false,"_mi_skip_tracking":false,"_monsterinsights_sitenote_active":false,"_monsterinsights_sitenote_note":"","_monsterinsights_sitenote_category":0},"product_cat":[38],"product_tag":[],"aioseo_notices":[],"_links":{"self":[{"href":"https:\/\/dualtron-store.com\/index.php\/wp-json\/wp\/v2\/product\/31261"}],"collection":[{"href":"https:\/\/dualtron-store.com\/index.php\/wp-json\/wp\/v2\/product"}],"about":[{"href":"https:\/\/dualtron-store.com\/index.php\/wp-json\/wp\/v2\/types\/product"}],"replies":[{"embeddable":true,"href":"https:\/\/dualtron-store.com\/index.php\/wp-json\/wp\/v2\/comments?post=31261"}],"wp:featuredmedia":[{"embeddable":true,"href":"https:\/\/dualtron-store.com\/index.php\/wp-json\/wp\/v2\/media\/86388"}],"wp:attachment":[{"href":"https:\/\/dualtron-store.com\/index.php\/wp-json\/wp\/v2\/media?parent=31261"}],"wp:term":[{"taxonomy":"product_cat","embeddable":true,"href":"https:\/\/dualtron-store.com\/index.php\/wp-json\/wp\/v2\/product_cat?post=31261"},{"taxonomy":"product_tag","embeddable":true,"href":"https:\/\/dualtron-store.com\/index.php\/wp-json\/wp\/v2\/product_tag?post=31261"}],"curies":[{"name":"wp","href":"https:\/\/api.w.org\/{rel}","templated":true}]}}