{"id":31192,"date":"2021-01-13T14:19:38","date_gmt":"2021-01-13T13:19:38","guid":{"rendered":"https:\/\/dualtron-store.com\/?post_type=product&#038;p=31192"},"modified":"2026-03-31T14:26:35","modified_gmt":"2026-03-31T12:26:35","slug":"kit-frein-hydraulique-nutt","status":"publish","type":"product","link":"https:\/\/dualtron-store.com\/index.php\/produit\/kit-frein-hydraulique-nutt\/","title":{"rendered":"Kit frein hydraulique NUTT"},"content":{"rendered":"","protected":false},"excerpt":{"rendered":"<p><strong>Kit de frein avant comprenant:<\/strong><\/p>\n<p>1 levier de frein droit + 1 \u00e9trier avant<\/p>\n<p><strong>Kit de frein arri\u00e8re comprenant:<\/strong><\/p>\n<p>1 levier de frein gauche + 1 \u00e9trier arriere<\/p>\n<p><strong>Kit de frein complet:<\/strong><\/p>\n<p>1 levier de frein Gauche + 1 levier de frein droit + 1 \u00e9trier avant + 1 \u00e9trier arri\u00e8re<\/p>\n<p>&nbsp;<\/p>\n","protected":false},"featured_media":31194,"comment_status":"open","ping_status":"closed","template":"","meta":{"om_disable_all_campaigns":false,"_mi_skip_tracking":false,"_monsterinsights_sitenote_active":false,"_monsterinsights_sitenote_note":"","_monsterinsights_sitenote_category":0},"product_cat":[18,51,52],"product_tag":[],"aioseo_notices":[],"_links":{"self":[{"href":"https:\/\/dualtron-store.com\/index.php\/wp-json\/wp\/v2\/product\/31192"}],"collection":[{"href":"https:\/\/dualtron-store.com\/index.php\/wp-json\/wp\/v2\/product"}],"about":[{"href":"https:\/\/dualtron-store.com\/index.php\/wp-json\/wp\/v2\/types\/product"}],"replies":[{"embeddable":true,"href":"https:\/\/dualtron-store.com\/index.php\/wp-json\/wp\/v2\/comments?post=31192"}],"wp:featuredmedia":[{"embeddable":true,"href":"https:\/\/dualtron-store.com\/index.php\/wp-json\/wp\/v2\/media\/31194"}],"wp:attachment":[{"href":"https:\/\/dualtron-store.com\/index.php\/wp-json\/wp\/v2\/media?parent=31192"}],"wp:term":[{"taxonomy":"product_cat","embeddable":true,"href":"https:\/\/dualtron-store.com\/index.php\/wp-json\/wp\/v2\/product_cat?post=31192"},{"taxonomy":"product_tag","embeddable":true,"href":"https:\/\/dualtron-store.com\/index.php\/wp-json\/wp\/v2\/product_tag?post=31192"}],"curies":[{"name":"wp","href":"https:\/\/api.w.org\/{rel}","templated":true}]}}