{"id":31137,"date":"2021-01-12T14:02:56","date_gmt":"2021-01-12T13:02:56","guid":{"rendered":"https:\/\/dualtron-store.com\/?post_type=product&#038;p=31137"},"modified":"2024-12-10T13:34:31","modified_gmt":"2024-12-10T12:34:31","slug":"casque-mt-helmets-atom","status":"publish","type":"product","link":"https:\/\/dualtron-store.com\/index.php\/produit\/casque-mt-helmets-atom\/","title":{"rendered":"Casque MT Helmets ATOM"},"content":{"rendered":"","protected":false},"excerpt":{"rendered":"<p>Ses atouts :<\/p>\n<ul>\n<li>Transformable avec sa mentonni\u00e8re amovible<\/li>\n<li>\u00e9cran int\u00e9gr\u00e9 interne noir solaire<\/li>\n<li>Attache rapide comme pour circuit pour facilit\u00e9 l&#8217;enl\u00e8vement du casque<\/li>\n<li>Homologations :\u00a0ECE 2205 et DOT<\/li>\n<li>1700 grammes<\/li>\n<\/ul>\n","protected":false},"featured_media":31141,"comment_status":"open","ping_status":"closed","template":"","meta":{"om_disable_all_campaigns":false,"_mi_skip_tracking":false,"_monsterinsights_sitenote_active":false,"_monsterinsights_sitenote_note":"","_monsterinsights_sitenote_category":0},"product_cat":[18,51,52,17],"product_tag":[],"aioseo_notices":[],"_links":{"self":[{"href":"https:\/\/dualtron-store.com\/index.php\/wp-json\/wp\/v2\/product\/31137"}],"collection":[{"href":"https:\/\/dualtron-store.com\/index.php\/wp-json\/wp\/v2\/product"}],"about":[{"href":"https:\/\/dualtron-store.com\/index.php\/wp-json\/wp\/v2\/types\/product"}],"replies":[{"embeddable":true,"href":"https:\/\/dualtron-store.com\/index.php\/wp-json\/wp\/v2\/comments?post=31137"}],"wp:featuredmedia":[{"embeddable":true,"href":"https:\/\/dualtron-store.com\/index.php\/wp-json\/wp\/v2\/media\/31141"}],"wp:attachment":[{"href":"https:\/\/dualtron-store.com\/index.php\/wp-json\/wp\/v2\/media?parent=31137"}],"wp:term":[{"taxonomy":"product_cat","embeddable":true,"href":"https:\/\/dualtron-store.com\/index.php\/wp-json\/wp\/v2\/product_cat?post=31137"},{"taxonomy":"product_tag","embeddable":true,"href":"https:\/\/dualtron-store.com\/index.php\/wp-json\/wp\/v2\/product_tag?post=31137"}],"curies":[{"name":"wp","href":"https:\/\/api.w.org\/{rel}","templated":true}]}}