{"id":31093,"date":"2021-01-11T16:34:36","date_gmt":"2021-01-11T15:34:36","guid":{"rendered":"https:\/\/dualtron-store.com\/?post_type=product&#038;p=31093"},"modified":"2022-12-26T15:41:04","modified_gmt":"2022-12-26T14:41:04","slug":"barre-en-carbone-carbonrevo","status":"publish","type":"product","link":"https:\/\/dualtron-store.com\/index.php\/produit\/barre-en-carbone-carbonrevo\/","title":{"rendered":"Barre en carbone Carbonrevo"},"content":{"rendered":"","protected":false},"excerpt":{"rendered":"<p><strong>Barre en carbone Carbonrevo.<\/strong><\/p>\n<p>Produit Authentique de la luxueuse marque CarbonRevo. Made in Singapour<\/p>\n<ul>\n<li id=\"tw-target-text\" class=\"tw-data-text tw-text-large XcVN5d tw-ta\" data-placeholder=\"Traduction\"><span lang=\"fr\">Cet article peut \u00eatre utilis\u00e9 pour remplacer le tube de carbone d&#8217;origine.<\/span><\/li>\n<li id=\"tw-target-text\" class=\"tw-data-text tw-text-large XcVN5d tw-ta\" data-placeholder=\"Traduction\"><span lang=\"fr\">C&#8217;est beaucoup plus \u00e9pais et plus r\u00e9sistant, donc il est capable de supporter beaucoup plus de charge.<\/span><\/li>\n<li id=\"tw-target-text\" class=\"tw-data-text tw-text-large XcVN5d tw-ta\" data-placeholder=\"Traduction\"><span lang=\"fr\">Il peut \u00eatre ajout\u00e9 \u00e0 l&#8217;adaptateur de tige V1 pour devenir \u00e9galement une barre pour enfants.<\/span><\/li>\n<li data-placeholder=\"Traduction\">Dimension: 22,2 mm de diam\u00e8tre par 100 mm de longeur.<\/li>\n<\/ul>\n","protected":false},"featured_media":31094,"comment_status":"open","ping_status":"closed","template":"","meta":{"om_disable_all_campaigns":false,"_mi_skip_tracking":false,"_monsterinsights_sitenote_active":false,"_monsterinsights_sitenote_note":"","_monsterinsights_sitenote_category":0},"product_cat":[158,18,51],"product_tag":[],"aioseo_notices":[],"_links":{"self":[{"href":"https:\/\/dualtron-store.com\/index.php\/wp-json\/wp\/v2\/product\/31093"}],"collection":[{"href":"https:\/\/dualtron-store.com\/index.php\/wp-json\/wp\/v2\/product"}],"about":[{"href":"https:\/\/dualtron-store.com\/index.php\/wp-json\/wp\/v2\/types\/product"}],"replies":[{"embeddable":true,"href":"https:\/\/dualtron-store.com\/index.php\/wp-json\/wp\/v2\/comments?post=31093"}],"wp:featuredmedia":[{"embeddable":true,"href":"https:\/\/dualtron-store.com\/index.php\/wp-json\/wp\/v2\/media\/31094"}],"wp:attachment":[{"href":"https:\/\/dualtron-store.com\/index.php\/wp-json\/wp\/v2\/media?parent=31093"}],"wp:term":[{"taxonomy":"product_cat","embeddable":true,"href":"https:\/\/dualtron-store.com\/index.php\/wp-json\/wp\/v2\/product_cat?post=31093"},{"taxonomy":"product_tag","embeddable":true,"href":"https:\/\/dualtron-store.com\/index.php\/wp-json\/wp\/v2\/product_tag?post=31093"}],"curies":[{"name":"wp","href":"https:\/\/api.w.org\/{rel}","templated":true}]}}