{"id":31083,"date":"2021-01-11T15:49:45","date_gmt":"2021-01-11T14:49:45","guid":{"rendered":"https:\/\/dualtron-store.com\/?post_type=product&#038;p=31083"},"modified":"2023-02-28T21:16:53","modified_gmt":"2023-02-28T20:16:53","slug":"passage-de-cable-en-carbon-carbonrevo","status":"publish","type":"product","link":"https:\/\/dualtron-store.com\/index.php\/produit\/passage-de-cable-en-carbon-carbonrevo\/","title":{"rendered":"Passage de cable en carbon Carbonrevo"},"content":{"rendered":"<div class=\"search-main-wrap search-long\">\n<div class=\"translation-wrap clearfix\">\n<div class=\"right-side-wrap\">\n<div id=\"trtext\"><\/div>\n<\/div>\n<\/div>\n<\/div>\n<div class=\"newsearch vertical dnone\">\n<div class=\"leftpart\"><\/div>\n<\/div>\n","protected":false},"excerpt":{"rendered":"<p><strong>Passage de cable en carbone Carbonrevo.<\/strong><\/p>\n<p>Produit Authentique de la luxueuse marque CarbonRevo.<br \/>\nMade in Singapour.<\/p>\n<ul>\n<li id=\"tw-target-text\" class=\"tw-data-text tw-text-large XcVN5d tw-ta\" data-placeholder=\"Traduction\">Fabriqu\u00e9 avec 100% de fibre de carbone.<\/li>\n<li data-placeholder=\"Traduction\">Protection accrue aux \u00e9claboussures et aux impacts.<\/li>\n<li data-placeholder=\"Traduction\">\u00e0 rempla\u00e7er au produit d&#8217;origine.<\/li>\n<li data-placeholder=\"Traduction\">Les vis d&#8217;origine peuvent \u00eatre r\u00e9utilis\u00e9es.<\/li>\n<\/ul>\n","protected":false},"featured_media":31086,"comment_status":"open","ping_status":"closed","template":"","meta":{"om_disable_all_campaigns":false,"_mi_skip_tracking":false,"_monsterinsights_sitenote_active":false,"_monsterinsights_sitenote_note":"","_monsterinsights_sitenote_category":0},"product_cat":[158,18,51],"product_tag":[],"aioseo_notices":[],"_links":{"self":[{"href":"https:\/\/dualtron-store.com\/index.php\/wp-json\/wp\/v2\/product\/31083"}],"collection":[{"href":"https:\/\/dualtron-store.com\/index.php\/wp-json\/wp\/v2\/product"}],"about":[{"href":"https:\/\/dualtron-store.com\/index.php\/wp-json\/wp\/v2\/types\/product"}],"replies":[{"embeddable":true,"href":"https:\/\/dualtron-store.com\/index.php\/wp-json\/wp\/v2\/comments?post=31083"}],"wp:featuredmedia":[{"embeddable":true,"href":"https:\/\/dualtron-store.com\/index.php\/wp-json\/wp\/v2\/media\/31086"}],"wp:attachment":[{"href":"https:\/\/dualtron-store.com\/index.php\/wp-json\/wp\/v2\/media?parent=31083"}],"wp:term":[{"taxonomy":"product_cat","embeddable":true,"href":"https:\/\/dualtron-store.com\/index.php\/wp-json\/wp\/v2\/product_cat?post=31083"},{"taxonomy":"product_tag","embeddable":true,"href":"https:\/\/dualtron-store.com\/index.php\/wp-json\/wp\/v2\/product_tag?post=31083"}],"curies":[{"name":"wp","href":"https:\/\/api.w.org\/{rel}","templated":true}]}}