{"id":31058,"date":"2021-01-11T15:05:56","date_gmt":"2021-01-11T14:05:56","guid":{"rendered":"https:\/\/dualtron-store.com\/?post_type=product&#038;p=31058"},"modified":"2025-10-26T21:04:47","modified_gmt":"2025-10-26T20:04:47","slug":"adapteur-de-potence-v3-carbonrevo","status":"publish","type":"product","link":"https:\/\/dualtron-store.com\/index.php\/produit\/adapteur-de-potence-v3-carbonrevo\/","title":{"rendered":"Adaptateur de potence v3 Carbonrevo"},"content":{"rendered":"<div class=\"search-main-wrap search-long\">\n<div class=\"translation-wrap clearfix\">\n<div class=\"right-side-wrap\">\n<div id=\"trtext\"><\/div>\n<\/div>\n<\/div>\n<\/div>\n<div class=\"newsearch vertical dnone\">\n<div class=\"leftpart\"><\/div>\n<\/div>\n","protected":false},"excerpt":{"rendered":"<p><strong>Adaptateur de potence Carbonrevo.<\/strong><\/p>\n<p>Produit Authentique de la luxueuse marque CarbonRevo.<br \/>\nMade in Singapour.<\/p>\n<ul>\n<li id=\"tw-target-text\" class=\"tw-data-text tw-text-large XcVN5d tw-ta\" data-placeholder=\"Traduction\">Remplacement direct de la pi\u00e8ce d&#8217;origine Dualtron qui vous permet de passer \u00e0 n&#8217;importe quelle potence et guidon VTT.<\/li>\n<li id=\"tw-target-text\" class=\"tw-data-text tw-text-large XcVN5d tw-ta\" data-placeholder=\"Traduction\"><span lang=\"fr\">Fraisage CNC \u00e0 partir d&#8217;un bloc d&#8217;aluminium de haute qualit\u00e9<\/span><\/li>\n<li id=\"tw-target-text\" class=\"tw-data-text tw-text-large XcVN5d tw-ta\" data-placeholder=\"Traduction\"><span lang=\"fr\">Convient \u00e0 la plupart des potences VTT de 28,6 mm<\/span><\/li>\n<li id=\"tw-target-text\" class=\"tw-data-text tw-text-large XcVN5d tw-ta\" data-placeholder=\"Traduction\"><span lang=\"fr\">Pas besoin d&#8217;ajouter une cale. Il vous suffit d&#8217;ajouter la tige et de la serrer.\u00a0<\/span><\/li>\n<li data-placeholder=\"Traduction\">Sur certains mod\u00e8le de Dualtron la t\u00eate de direction est coll\u00e9e, Il est conseill\u00e9e de prendre un marteau avec embout souple et tapoter sur le dessous afin de l&#8217;\u00f4ter de la tige.<\/li>\n<\/ul>\n","protected":false},"featured_media":31069,"comment_status":"open","ping_status":"closed","template":"","meta":{"om_disable_all_campaigns":false,"_mi_skip_tracking":false,"_monsterinsights_sitenote_active":false,"_monsterinsights_sitenote_note":"","_monsterinsights_sitenote_category":0},"product_cat":[158,275,288,277,287,276,278,272,274,279,280,325,18,51],"product_tag":[],"aioseo_notices":[],"_links":{"self":[{"href":"https:\/\/dualtron-store.com\/index.php\/wp-json\/wp\/v2\/product\/31058"}],"collection":[{"href":"https:\/\/dualtron-store.com\/index.php\/wp-json\/wp\/v2\/product"}],"about":[{"href":"https:\/\/dualtron-store.com\/index.php\/wp-json\/wp\/v2\/types\/product"}],"replies":[{"embeddable":true,"href":"https:\/\/dualtron-store.com\/index.php\/wp-json\/wp\/v2\/comments?post=31058"}],"wp:featuredmedia":[{"embeddable":true,"href":"https:\/\/dualtron-store.com\/index.php\/wp-json\/wp\/v2\/media\/31069"}],"wp:attachment":[{"href":"https:\/\/dualtron-store.com\/index.php\/wp-json\/wp\/v2\/media?parent=31058"}],"wp:term":[{"taxonomy":"product_cat","embeddable":true,"href":"https:\/\/dualtron-store.com\/index.php\/wp-json\/wp\/v2\/product_cat?post=31058"},{"taxonomy":"product_tag","embeddable":true,"href":"https:\/\/dualtron-store.com\/index.php\/wp-json\/wp\/v2\/product_tag?post=31058"}],"curies":[{"name":"wp","href":"https:\/\/api.w.org\/{rel}","templated":true}]}}