{"id":31025,"date":"2021-01-11T11:28:08","date_gmt":"2021-01-11T10:28:08","guid":{"rendered":"https:\/\/dualtron-store.com\/?post_type=product&#038;p=31025"},"modified":"2026-03-18T00:50:32","modified_gmt":"2026-03-17T23:50:32","slug":"bar-end-lumineux-a-led-carbonrevo","status":"publish","type":"product","link":"https:\/\/dualtron-store.com\/index.php\/produit\/bar-end-lumineux-a-led-carbonrevo\/","title":{"rendered":"Bar end lumineux \u00e0 LED Carbonrevo"},"content":{"rendered":"<div class=\"search-main-wrap search-long\">\n<div class=\"translation-wrap clearfix\">\n<div class=\"right-side-wrap\">\n<div id=\"trtext\"><\/div>\n<\/div>\n<\/div>\n<\/div>\n<div class=\"newsearch vertical dnone\">\n<div class=\"leftpart\"><\/div>\n<\/div>\n","protected":false},"excerpt":{"rendered":"<p><strong>Bar end \u00e0 LED Carbonrevo.<\/strong><\/p>\n<p>Produit Authentique de la luxueuse marque CarbonRevo.<br \/>\nMade in Singapour.<\/p>\n<ul>\n<li id=\"tw-target-text\" class=\"tw-data-text tw-text-large XcVN5d tw-ta\" data-placeholder=\"Traduction\"><span lang=\"fr\">Ces barres lumineuses \u00e0 LED disposent de LED rouges pour une visibilit\u00e9 suppl\u00e9mentaire dans l&#8217;obscurit\u00e9 et dans des conditions de faible luminosit\u00e9<\/span><\/li>\n<li><span lang=\"fr\">Pour la fixation, chaque lumi\u00e8re est maintenue en place avec un extenseur en caoutchouc au milieu. Il vous suffit ce vis\u00e9 celui ci pour augment\u00e9 son diam\u00e8tre afin d&#8217;\u00e9pouser parfaitement le guidon<\/span><\/li>\n<li id=\"tw-target-text\" class=\"tw-data-text tw-text-large XcVN5d tw-ta\" data-placeholder=\"Traduction\"><span lang=\"fr\">3 modes de fonctionnement. Appuyez sur le capuchon et les deux LED \u00e0 l&#8217;int\u00e9rieur brillent de mani\u00e8re fixe. Appuyez \u00e0 nouveau et ils clignotent. Appuyez une troisi\u00e8me fois pour les d\u00e9sactiver. Facile d&#8217;utilisation<\/span><\/li>\n<\/ul>\n","protected":false},"featured_media":31030,"comment_status":"open","ping_status":"closed","template":"","meta":{"om_disable_all_campaigns":false,"_mi_skip_tracking":false,"_monsterinsights_sitenote_active":false,"_monsterinsights_sitenote_note":"","_monsterinsights_sitenote_category":0},"product_cat":[158,18,51,52],"product_tag":[],"aioseo_notices":[],"_links":{"self":[{"href":"https:\/\/dualtron-store.com\/index.php\/wp-json\/wp\/v2\/product\/31025"}],"collection":[{"href":"https:\/\/dualtron-store.com\/index.php\/wp-json\/wp\/v2\/product"}],"about":[{"href":"https:\/\/dualtron-store.com\/index.php\/wp-json\/wp\/v2\/types\/product"}],"replies":[{"embeddable":true,"href":"https:\/\/dualtron-store.com\/index.php\/wp-json\/wp\/v2\/comments?post=31025"}],"wp:featuredmedia":[{"embeddable":true,"href":"https:\/\/dualtron-store.com\/index.php\/wp-json\/wp\/v2\/media\/31030"}],"wp:attachment":[{"href":"https:\/\/dualtron-store.com\/index.php\/wp-json\/wp\/v2\/media?parent=31025"}],"wp:term":[{"taxonomy":"product_cat","embeddable":true,"href":"https:\/\/dualtron-store.com\/index.php\/wp-json\/wp\/v2\/product_cat?post=31025"},{"taxonomy":"product_tag","embeddable":true,"href":"https:\/\/dualtron-store.com\/index.php\/wp-json\/wp\/v2\/product_tag?post=31025"}],"curies":[{"name":"wp","href":"https:\/\/api.w.org\/{rel}","templated":true}]}}