{"id":30946,"date":"2021-01-08T14:47:59","date_gmt":"2021-01-08T13:47:59","guid":{"rendered":"https:\/\/dualtron-store.com\/?post_type=product&#038;p=30946"},"modified":"2025-12-13T17:22:40","modified_gmt":"2025-12-13T16:22:40","slug":"plaque-de-renfort-pour-poignee-carbonrevo","status":"publish","type":"product","link":"https:\/\/dualtron-store.com\/index.php\/produit\/plaque-de-renfort-pour-poignee-carbonrevo\/","title":{"rendered":"Plaque de renfort pour poign\u00e9e Carbonrevo"},"content":{"rendered":"<div class=\"search-main-wrap search-long\">\n<div class=\"translation-wrap clearfix\">\n<div class=\"right-side-wrap\">\n<div id=\"trtext\"><\/div>\n<\/div>\n<\/div>\n<\/div>\n<div class=\"newsearch vertical dnone\">\n<div class=\"leftpart\"><\/div>\n<\/div>\n","protected":false},"excerpt":{"rendered":"<p>Plaque de renfort Carbonrevo pour Dualtron. Produit Authentique de la luxueuse marque CarbonRevo. Made in Singapour. Permet de renforcer la base de la poign\u00e9e afin de l&#8217;utiliser comme repose pieds. Fabriqu\u00e9 en aluminium de qualit\u00e9 a\u00e9ronautique 7075 et anodis\u00e9. Des vis plus longues seront fournies. Les rondelles ne sont pas incluses. Convient uniquement aux mod\u00e8les Dualtron.<\/p>\n","protected":false},"featured_media":30947,"comment_status":"open","ping_status":"closed","template":"","meta":{"om_disable_all_campaigns":false,"_mi_skip_tracking":false,"_monsterinsights_sitenote_active":false,"_monsterinsights_sitenote_note":"","_monsterinsights_sitenote_category":0},"product_cat":[158,18,51,52],"product_tag":[],"aioseo_notices":[],"_links":{"self":[{"href":"https:\/\/dualtron-store.com\/index.php\/wp-json\/wp\/v2\/product\/30946"}],"collection":[{"href":"https:\/\/dualtron-store.com\/index.php\/wp-json\/wp\/v2\/product"}],"about":[{"href":"https:\/\/dualtron-store.com\/index.php\/wp-json\/wp\/v2\/types\/product"}],"replies":[{"embeddable":true,"href":"https:\/\/dualtron-store.com\/index.php\/wp-json\/wp\/v2\/comments?post=30946"}],"wp:featuredmedia":[{"embeddable":true,"href":"https:\/\/dualtron-store.com\/index.php\/wp-json\/wp\/v2\/media\/30947"}],"wp:attachment":[{"href":"https:\/\/dualtron-store.com\/index.php\/wp-json\/wp\/v2\/media?parent=30946"}],"wp:term":[{"taxonomy":"product_cat","embeddable":true,"href":"https:\/\/dualtron-store.com\/index.php\/wp-json\/wp\/v2\/product_cat?post=30946"},{"taxonomy":"product_tag","embeddable":true,"href":"https:\/\/dualtron-store.com\/index.php\/wp-json\/wp\/v2\/product_tag?post=30946"}],"curies":[{"name":"wp","href":"https:\/\/api.w.org\/{rel}","templated":true}]}}