{"id":30897,"date":"2021-01-07T22:43:19","date_gmt":"2021-01-07T21:43:19","guid":{"rendered":"https:\/\/dualtron-store.com\/?post_type=product&#038;p=30897"},"modified":"2025-01-21T12:27:50","modified_gmt":"2025-01-21T11:27:50","slug":"futecher-gun","status":"publish","type":"product","link":"https:\/\/dualtron-store.com\/index.php\/produit\/futecher-gun\/","title":{"rendered":"Futecher GUN V2"},"content":{"rendered":"<p><iframe loading=\"lazy\" title=\"Futecher Gun - Trottinette \u00e9lectrique\" width=\"1140\" height=\"641\" src=\"https:\/\/www.youtube.com\/embed\/3l1Ot2AU8w0?feature=oembed\" frameborder=\"0\" allow=\"accelerometer; autoplay; clipboard-write; encrypted-media; gyroscope; picture-in-picture; web-share\" referrerpolicy=\"strict-origin-when-cross-origin\" allowfullscreen><\/iframe><\/p>\n<h2><strong>Pr\u00e9sentation de la Futecher GUN<\/strong><\/h2>\n<p>La Futecher GUN, en tant que pionni\u00e8re de la toute nouvelle gamme Futecher du renomm\u00e9 fabricant MiniMotors, s&#8217;\u00e9rige ind\u00e9niablement en avant-garde. Dans cet univers de trottinettes \u00e9lectriques, elle se place avec assurance, \u00e0 mi-chemin entre les v\u00e9n\u00e9rables Speedway et les l\u00e9gendaires Dualtron.<\/p>\n<p>Lorsque l&#8217;on scrute attentivement ses caract\u00e9ristiques exceptionnelles et que l&#8217;on consid\u00e8re son prix exceptionnellement attractif, la Futecher GUN \u00e9clipse de mani\u00e8re \u00e9blouissante toutes les autres trottinettes de son segment tarifaire.<\/p>\n<p>&nbsp;<\/p>\n<h2><strong>Les caract\u00e9ristiques\u00a0<\/strong><strong>de la Futecher GUN<\/strong><\/h2>\n<p>La <b>Futecher GUN\u00a0<\/b>est \u00e9quip\u00e9e d\u2019un moteur brushless \u00e0 l\u2019arri\u00e8re.<\/p>\n<p>Elles disposent de 2 freins tambour ( \u00e0 l&#8217;avant et \u00e0 l&#8217;arri\u00e8re) et d&#8217;un frein \u00e9lectrique KERS (r\u00e9cup\u00e9ration d\u2019\u00e9nergie) \u00e0 l&#8217;arri\u00e8re au niveau du moteur.<\/p>\n<p>L&#8217;esth\u00e9tique de la <strong>Futecher<\/strong> \u00a0ne laisse pas indiff\u00e9rent\u00a0: elle est \u00e9quip\u00e9e de bandes LED sur les cot\u00e9s du plateau et dispose d&#8217;une colonne lumineuse.<\/p>\n<p>La\u00a0<strong>Futecher GUN<\/strong> est chauss\u00e9e avec des pneus de 8 pouces. Le pneu avant est gonflable ( avec chambre \u00e0 air) et le pneu arri\u00e8re est plein en gomme tendre.<\/p>\n<p>&nbsp;<\/p>\n<h2><strong>Les atouts de la Futecher GUN<\/strong><\/h2>\n<p>Le principal atout des <strong>Futecher GUN<\/strong> est son rapport qualit\u00e9\/performance\/prix. En effet, pour moins de 1000 euros, vous disposez d&#8217;une trottinette performante, disposant des derni\u00e8res technologies et d&#8217;une bonne autonomie.<\/p>\n<p>&nbsp;<\/p>\n<h2><strong>La fiche technique de la Futecher GUN<\/strong><\/h2>\n<p><strong>Batterie\u00a0:<\/strong>\u00a048V 15,6 AH<\/p>\n<p><strong>Puissance du moteur\u00a0:<\/strong>\u00a0600W nominal et 1470W en cr\u00eate pour la GUN.<\/p>\n<p><strong>Freinage\u00a0:<\/strong> \u00a0Freins tambour \u00e0 l&#8217;avant et \u00e0 l\u2019arri\u00e8re + Frein \u00e9lectrique KERS \u00e0 l&#8217;arri\u00e8re<\/p>\n<p><strong>Vitesse max\u00a0:<\/strong>\u00a045 km\/h pour la GUN sur voie priv\u00e9e<\/p>\n<p><strong>Roues\u00a0:<\/strong> 8 pouces \u2013 pneu avant \u00e0 chambre \u00e0 air et arri\u00e8re plein en gomme tendre<\/p>\n<p><strong>Suspensions\u00a0:<\/strong>\u00a0\u00e0 l&#8217;avant et \u00e0 l&#8217;arri\u00e8re<\/p>\n<p><strong>Dispositif d\u2019\u00e9clairage :<\/strong> Phares led avant et arri\u00e8re, colonne et plateau lumineux<\/p>\n<p><strong>Poids\u00a0:<\/strong>\u00a019 kg<\/p>\n<p>&nbsp;<\/p>\n<h2><strong>Pourquoi acheter la Futecher GUN chez DUALTRON Store ?<\/strong><\/h2>\n<p><strong>DUALTRON Store, boutique\u00a0officielle de la marque,<\/strong>\u00a0est sp\u00e9cialis\u00e9 dans les produits du fabricant Minimotors.<\/p>\n<p>Avant exp\u00e9dition, votre <strong>Futecher GUN <\/strong>sera sortie du carton et donc v\u00e9rifi\u00e9e et r\u00e9gl\u00e9e selon vos attentes (bridage ou pas, param\u00e9trage du LCD , \u2026). Nous pouvons \u00e9galement vous installer des accessoires suppl\u00e9mentaires.<\/p>\n<p>N\u2019h\u00e9sitez pas \u00e0 nous appeler (07 61 87 64 04 ) pour vous faire votre propre avis sur l\u2019expertise et le service client de DUALTRON Store !<\/p>\n","protected":false},"excerpt":{"rendered":"<p>La\u00a0<strong>Futecher GUN V2\u00a0<\/strong>\u00a0se positionne entre la speedway mini 4 pro et la Dualtron Mini<br \/>\nAu regard de ses caract\u00e9ristiques et de son look, cette nouvelle <strong>Futecher GUN<\/strong> s&#8217;annonce d\u00e9j\u00e0 comme un best seller.<\/p>\n<p><strong><span style=\"color: #333399\">Possibilit\u00e9 de paiement en 3X ou 4X par Carte Bancaire sans justificatif.<\/span><\/strong><\/p>\n<p><strong><span style=\"color: #000000\">N&#8217;h\u00e9sitez pas \u00e0 nous contactez au 07 61 87 64 04.<\/span><\/strong><\/p>\n","protected":false},"featured_media":86311,"comment_status":"open","ping_status":"closed","template":"","meta":{"om_disable_all_campaigns":false,"_mi_skip_tracking":false,"_monsterinsights_sitenote_active":false,"_monsterinsights_sitenote_note":"","_monsterinsights_sitenote_category":0},"product_cat":[320,20],"product_tag":[],"aioseo_notices":[],"_links":{"self":[{"href":"https:\/\/dualtron-store.com\/index.php\/wp-json\/wp\/v2\/product\/30897"}],"collection":[{"href":"https:\/\/dualtron-store.com\/index.php\/wp-json\/wp\/v2\/product"}],"about":[{"href":"https:\/\/dualtron-store.com\/index.php\/wp-json\/wp\/v2\/types\/product"}],"replies":[{"embeddable":true,"href":"https:\/\/dualtron-store.com\/index.php\/wp-json\/wp\/v2\/comments?post=30897"}],"wp:featuredmedia":[{"embeddable":true,"href":"https:\/\/dualtron-store.com\/index.php\/wp-json\/wp\/v2\/media\/86311"}],"wp:attachment":[{"href":"https:\/\/dualtron-store.com\/index.php\/wp-json\/wp\/v2\/media?parent=30897"}],"wp:term":[{"taxonomy":"product_cat","embeddable":true,"href":"https:\/\/dualtron-store.com\/index.php\/wp-json\/wp\/v2\/product_cat?post=30897"},{"taxonomy":"product_tag","embeddable":true,"href":"https:\/\/dualtron-store.com\/index.php\/wp-json\/wp\/v2\/product_tag?post=30897"}],"curies":[{"name":"wp","href":"https:\/\/api.w.org\/{rel}","templated":true}]}}