{"id":30858,"date":"2021-01-05T21:45:58","date_gmt":"2021-01-05T20:45:58","guid":{"rendered":"https:\/\/dualtron-store.com\/?post_type=product&#038;p=30858"},"modified":"2026-04-23T16:36:49","modified_gmt":"2026-04-23T14:36:49","slug":"casque-mt-helmets-streetfighter-sv","status":"publish","type":"product","link":"https:\/\/dualtron-store.com\/index.php\/produit\/casque-mt-helmets-streetfighter-sv\/","title":{"rendered":"Casque Streetfighter SV &#8211; MT Helmets"},"content":{"rendered":"<p><iframe loading=\"lazy\" title=\"CASQUE STREETFIGHTER 2023\" width=\"1140\" height=\"641\" src=\"https:\/\/www.youtube.com\/embed\/H_agjGeljmA?feature=oembed\" frameborder=\"0\" allow=\"accelerometer; autoplay; clipboard-write; encrypted-media; gyroscope; picture-in-picture; web-share\" referrerpolicy=\"strict-origin-when-cross-origin\" allowfullscreen><\/iframe><\/p>\n<p><iframe loading=\"lazy\" title=\"Casque Streetfighter SV - MT Helmets\" width=\"1140\" height=\"641\" src=\"https:\/\/www.youtube.com\/embed\/pCKz6lMyhno?start=23&#038;feature=oembed\" frameborder=\"0\" allow=\"accelerometer; autoplay; clipboard-write; encrypted-media; gyroscope; picture-in-picture; web-share\" referrerpolicy=\"strict-origin-when-cross-origin\" allowfullscreen><\/iframe><\/p>\n<h2><strong>Pr\u00e9sentation du casque Streetfighter<\/strong><\/h2>\n<p>Le casque<strong> Streetfighter<\/strong>\u00a0est une nouveaut\u00e9 de la marque MT Helmets, un nouveau casque au design ergonomique et modulable avec sa visi\u00e8re amovible.<\/p>\n<p class=\"gt-block\">Ce casque est fourni avec un support cam\u00e9ra pour mettre en place une GoPro ou autre.<\/p>\n<p>Il dispose d&#8217;une coque en HIRP, compos\u00e9 de polym\u00e8res, ce qui lui permet d&#8217;\u00eatre tr\u00e8s l\u00e9ger ( 1300 grammes) et tr\u00e8s r\u00e9sistant aux chocs.<\/p>\n<p>Sa visi\u00e8re anti-rayure est trait\u00e9e contre les UV et anti-rayures et anti-UV. Il est fourni avec une visi\u00e8re suppl\u00e9mentaire.<\/p>\n<p>Pour assurer une bonne ventilation , le casque <strong>Streetfighter <\/strong>permet \u00e0 l&#8217;air d&#8217;entrer par les prises d&#8217;air sup\u00e9rieures et de s&#8217;\u00e9chapper via un extracteur arri\u00e8re.<\/p>\n<p>La s\u00e9curit\u00e9 et le confort sont \u00e9galement garantis par la sangle avec fermeture rapide en m\u00e9tal .<\/p>\n<h2><strong>Les caract\u00e9ristiques\u00a0<\/strong><strong>du casque Streetfighter<\/strong><\/h2>\n<ul>\n<li>Coque:\n<ul>\n<li>Technologie HIRP<\/li>\n<li>Visi\u00e8re amovible<\/li>\n<li>Permet d&#8217;accrocher le support cam\u00e9ra fourni<\/li>\n<li>Prise d&#8217;air avant et extracteur arri\u00e8re<\/li>\n<\/ul>\n<\/li>\n<li>l&#8217;int\u00e9rieur du casque:\n<ul>\n<li>Coussinets amovibles et lavables<\/li>\n<li>Int\u00e9rieur ignifug\u00e9<\/li>\n<\/ul>\n<\/li>\n<li>S\u00e9curit\u00e9 :\n<ul>\n<li>Fermeture m\u00e9tallique<\/li>\n<li>Homologations ECE 2205 \/ DOT<\/li>\n<\/ul>\n<\/li>\n<li>Visi\u00e8re:\n<ul>\n<li>Amovible<\/li>\n<li>Anti UV<\/li>\n<li>Anti-rayure<\/li>\n<li>2 visi\u00e8res fournies<\/li>\n<\/ul>\n<\/li>\n<\/ul>\n","protected":false},"excerpt":{"rendered":"<p><a href=\"https:\/\/dualtron-store.com\/wp-content\/uploads\/2021\/01\/logo-MT.png\"><img loading=\"lazy\" class=\"alignnone wp-image-30869\" src=\"https:\/\/dualtron-store.com\/wp-content\/uploads\/2021\/01\/logo-MT-279x300.png\" alt=\"\" width=\"56\" height=\"60\" \/> \u00a0 \u00a0 <\/a><\/p>\n<p>Casque Trial MT Helmet Streetfighter SV Solid. Ventil\u00e9 avec simple avec \u00e9cran fum\u00e9 transformable avec mentonni\u00e8re amovible.<\/p>\n<p>Disponible en plusieurs coloris, de <strong>taille XS (53CM) \u00e0 2XL (63CM)<\/strong> \u00a0.<\/p>\n<p>&nbsp;<\/p>\n<p>Homologu\u00e9\u00a0<strong>ECE 22.06.<\/strong><\/p>\n","protected":false},"featured_media":87152,"comment_status":"open","ping_status":"closed","template":"","meta":{"om_disable_all_campaigns":false,"_mi_skip_tracking":false,"_monsterinsights_sitenote_active":false,"_monsterinsights_sitenote_note":"","_monsterinsights_sitenote_category":0},"product_cat":[17],"product_tag":[],"aioseo_notices":[],"_links":{"self":[{"href":"https:\/\/dualtron-store.com\/index.php\/wp-json\/wp\/v2\/product\/30858"}],"collection":[{"href":"https:\/\/dualtron-store.com\/index.php\/wp-json\/wp\/v2\/product"}],"about":[{"href":"https:\/\/dualtron-store.com\/index.php\/wp-json\/wp\/v2\/types\/product"}],"replies":[{"embeddable":true,"href":"https:\/\/dualtron-store.com\/index.php\/wp-json\/wp\/v2\/comments?post=30858"}],"wp:featuredmedia":[{"embeddable":true,"href":"https:\/\/dualtron-store.com\/index.php\/wp-json\/wp\/v2\/media\/87152"}],"wp:attachment":[{"href":"https:\/\/dualtron-store.com\/index.php\/wp-json\/wp\/v2\/media?parent=30858"}],"wp:term":[{"taxonomy":"product_cat","embeddable":true,"href":"https:\/\/dualtron-store.com\/index.php\/wp-json\/wp\/v2\/product_cat?post=30858"},{"taxonomy":"product_tag","embeddable":true,"href":"https:\/\/dualtron-store.com\/index.php\/wp-json\/wp\/v2\/product_tag?post=30858"}],"curies":[{"name":"wp","href":"https:\/\/api.w.org\/{rel}","templated":true}]}}