{"id":30854,"date":"2021-01-05T18:51:46","date_gmt":"2021-01-05T17:51:46","guid":{"rendered":"https:\/\/dualtron-store.com\/?post_type=product&#038;p=30854"},"modified":"2024-06-05T08:57:34","modified_gmt":"2024-06-05T06:57:34","slug":"speedway-mini-4-pro-lite","status":"publish","type":"product","link":"https:\/\/dualtron-store.com\/index.php\/produit\/speedway-mini-4-pro-lite\/","title":{"rendered":"Speedway Mini 4 PRO lite"},"content":{"rendered":"","protected":false},"excerpt":{"rendered":"<p>La\u00a0<strong>Speedway Mini 4\u00a0<\/strong><b>PRO lite est LA trottinette \u00e9lectrique qui pr\u00e9sente actuellement le meilleur compromis poids\/performance\/autonomie\/prix .<\/b> Elle affiche une autonomie qui peut aller jusque 30 km (en mode 1) et une vitesse pouvant d\u00e9passer (en mode 3) les 30 km\/h . Au niveau tenue de route vous serez \u00e9quip\u00e9 de pneu 8\u2033 sans chambre \u00e0 air \u00e0 l&#8217;arri\u00e8re, avec chambre \u00e0 l&#8217;avant, \u00a0un frein \u00e9lectrique et un frein \u00e0 tambour sur la roue arri\u00e8re. Pour la visibilit\u00e9, la\u00a0<strong>Speedway Mini 4 PRO lite\u00a0<\/strong>est dot\u00e9e de double feux avant et arri\u00e8re install\u00e9s au niveau du ch\u00e2ssis. Vous aurez le choix entre trois modes de vitesse : mode 1 (15km\/h), Mode 2 (25km\/h) et Mode 3 (30km\/h).<\/p>\n","protected":false},"featured_media":922,"comment_status":"open","ping_status":"closed","template":"","meta":{"om_disable_all_campaigns":false,"_mi_skip_tracking":false,"_monsterinsights_sitenote_active":false,"_monsterinsights_sitenote_note":"","_monsterinsights_sitenote_category":0},"product_cat":[20,36],"product_tag":[],"aioseo_notices":[],"_links":{"self":[{"href":"https:\/\/dualtron-store.com\/index.php\/wp-json\/wp\/v2\/product\/30854"}],"collection":[{"href":"https:\/\/dualtron-store.com\/index.php\/wp-json\/wp\/v2\/product"}],"about":[{"href":"https:\/\/dualtron-store.com\/index.php\/wp-json\/wp\/v2\/types\/product"}],"replies":[{"embeddable":true,"href":"https:\/\/dualtron-store.com\/index.php\/wp-json\/wp\/v2\/comments?post=30854"}],"wp:featuredmedia":[{"embeddable":true,"href":"https:\/\/dualtron-store.com\/index.php\/wp-json\/wp\/v2\/media\/922"}],"wp:attachment":[{"href":"https:\/\/dualtron-store.com\/index.php\/wp-json\/wp\/v2\/media?parent=30854"}],"wp:term":[{"taxonomy":"product_cat","embeddable":true,"href":"https:\/\/dualtron-store.com\/index.php\/wp-json\/wp\/v2\/product_cat?post=30854"},{"taxonomy":"product_tag","embeddable":true,"href":"https:\/\/dualtron-store.com\/index.php\/wp-json\/wp\/v2\/product_tag?post=30854"}],"curies":[{"name":"wp","href":"https:\/\/api.w.org\/{rel}","templated":true}]}}