{"id":30777,"date":"2020-12-31T14:11:50","date_gmt":"2020-12-31T13:11:50","guid":{"rendered":"https:\/\/dualtron-store.com\/?post_type=product&#038;p=30777"},"modified":"2026-04-09T19:53:30","modified_gmt":"2026-04-09T17:53:30","slug":"tige-de-suspension-dualtron","status":"publish","type":"product","link":"https:\/\/dualtron-store.com\/index.php\/produit\/tige-de-suspension-dualtron\/","title":{"rendered":"Tige de suspension Dualtron"},"content":{"rendered":"","protected":false},"excerpt":{"rendered":"<p>Permet de modifier la souplesse des suspensions des dualtron.<br \/>\nPour la dualtron mini, il s&#8217;agit des tiges de suspension (pr\u00e9sentent \u00e0 l&#8217;avant et \u00e0 l&#8217;arri\u00e8re \u00e0 l&#8217;int\u00e9rieur des ressorts) et pour les autres dualtron ce sont les rods des blocs de suspension.<\/p>\n","protected":false},"featured_media":30780,"comment_status":"open","ping_status":"closed","template":"","meta":{"om_disable_all_campaigns":false,"_mi_skip_tracking":false,"_monsterinsights_sitenote_active":false,"_monsterinsights_sitenote_note":"","_monsterinsights_sitenote_category":0},"product_cat":[18,51],"product_tag":[],"aioseo_notices":[],"_links":{"self":[{"href":"https:\/\/dualtron-store.com\/index.php\/wp-json\/wp\/v2\/product\/30777"}],"collection":[{"href":"https:\/\/dualtron-store.com\/index.php\/wp-json\/wp\/v2\/product"}],"about":[{"href":"https:\/\/dualtron-store.com\/index.php\/wp-json\/wp\/v2\/types\/product"}],"replies":[{"embeddable":true,"href":"https:\/\/dualtron-store.com\/index.php\/wp-json\/wp\/v2\/comments?post=30777"}],"wp:featuredmedia":[{"embeddable":true,"href":"https:\/\/dualtron-store.com\/index.php\/wp-json\/wp\/v2\/media\/30780"}],"wp:attachment":[{"href":"https:\/\/dualtron-store.com\/index.php\/wp-json\/wp\/v2\/media?parent=30777"}],"wp:term":[{"taxonomy":"product_cat","embeddable":true,"href":"https:\/\/dualtron-store.com\/index.php\/wp-json\/wp\/v2\/product_cat?post=30777"},{"taxonomy":"product_tag","embeddable":true,"href":"https:\/\/dualtron-store.com\/index.php\/wp-json\/wp\/v2\/product_tag?post=30777"}],"curies":[{"name":"wp","href":"https:\/\/api.w.org\/{rel}","templated":true}]}}