{"id":30371,"date":"2020-11-24T19:51:44","date_gmt":"2020-11-24T18:51:44","guid":{"rendered":"https:\/\/dualtron-store.com\/?post_type=product&#038;p=30371"},"modified":"2025-05-15T16:40:40","modified_gmt":"2025-05-15T14:40:40","slug":"dualtron-x-ii","status":"publish","type":"product","link":"https:\/\/dualtron-store.com\/index.php\/produit\/dualtron-x-ii\/","title":{"rendered":"Dualtron X II"},"content":{"rendered":"<h2><strong>Les caract\u00e9ristiques de la Dualtron X II<\/strong><\/h2>\n<h3><em>Couple et puissance<\/em><\/h3>\n<p>La dualtron X II est \u00e9quip\u00e9e d\u2019une batterie en 72V. Voltage sup\u00e9rieur \u00e0 la premiere version dualtron X ( 60 V) permettant un gain de puissance.<\/p>\n<p>Avec ses 2 moteurs, la dualtron X II d\u00e9veloppe une puissance totale de 8300 W, ce qui lui permet de d\u00e9passer les 100 km\/h sur circuit ou terrain priv\u00e9. La dualtron X II est une des trottinettes les plus puissante sur le march\u00e9.<\/p>\n<h3><em><strong>Autonomie<\/strong><\/em><\/h3>\n<p>Disposante d\u2019une grosse batterie de 72V, 42 a\/h , la duatron X II est capable de rouler jusque 150 km en une seule charge. Pour obtenir ce r\u00e9sultat, il faut bien s\u00fbr activer le mode eco .<\/p>\n<h3><em><strong>S\u00e9curit\u00e9 et visibilit\u00e9<\/strong><\/em><\/h3>\n<p>La Dualtron X II dispose de s\u00e9rie\u00a0:<\/p>\n<ul>\n<li>D&#8217;un ing\u00e9nieux syst\u00e8me de serrage au niveau du pliage, permettant une bonne rigidit\u00e9 de la colonne,<\/li>\n<li>D\u2019un \u00e9clairage avant et arri\u00e8res, de clignotants, de bandes led lat\u00e9rales au niveau de la colonne et du plateau vous permettant une bonne visibilit\u00e9 par les autres v\u00e9hicules,<\/li>\n<li>De freins disques avant et arri\u00e8res hydraulique NUTT avec disques en 160 coupl\u00e9 \u00e0 un freinage magn\u00e9tique r\u00e9g\u00e9n\u00e9ratif (KERS).<\/li>\n<\/ul>\n<h3><em><strong>Confort et suspensions<\/strong><\/em><\/h3>\n<p>La Dualtron X II dispose de 2 gros amortisseurs \u00e0 l&#8217;avant et \u00e0 l&#8217;arri\u00e8re d&#8217;une excellente efficacit\u00e9. Elle dispose de pneus 13 pouces et tubeless pour am\u00e9liorer la motricit\u00e9 et le confort.<\/p>\n<h2><strong>Les atouts de la Dualtron X II<\/strong><\/h2>\n<p>Au regard de ses caract\u00e9ristiques et innovations, la dualtron X II se positionne comme une trottinette d\u2019exception avec des performances incroyables. C&#8217; est la trottinette la plus puissante de la gamme Dualtron. Son \u00e9norme batterie permet de parcourir plus de 100 km, ce qui exceptionnel pour une trottinette \u00e9lectrique.<\/p>\n<h2><strong>La fiche technique de la Dualtron X II<\/strong><\/h2>\n<p><strong>Batterie\u00a0:<\/strong> 72V 42 ah \u00a0(autonomie de 60 ou 100 km )<\/p>\n<p><strong>Motorisation :<\/strong> 2 moteurs &#8211; puissance max de 8300 W<\/p>\n<p><strong>Freinage\u00a0:<\/strong>\u00a0 Disques de 160 mm &#8211; Freins hydrauliques NUTT avant et arri\u00e8re + Freins \u00e9lectriques KERS<\/p>\n<p><strong>Vitesse max\u00a0:<\/strong> 25 km\/h ou 110 km\/ sur voie priv\u00e9e<\/p>\n<p><strong>Roues\u00a0:<\/strong> 13 pouces \u2013 pneus tubeless<\/p>\n<p><strong>Suspensions\u00a0:<\/strong>\u00a0avant et arri\u00e8re &#8211; 45 niveaux d&#8217;ajustement ( 9 niveaux variable + 5 types de duret\u00e9 pour les cartouches )<\/p>\n<p><strong>Dispositif d\u2019\u00e9clairage :\u00a0<\/strong><span lang=\"fr\">Syst\u00e8me d&#8217;\u00e9clairage complet (bras, colonne de direction, deck lat\u00e9ral, cadre, feu arri\u00e8re, avant, feu stop, clignotants)<\/span><\/p>\n<p><strong>Poids\u00a0:<\/strong>\u00a066 kg<\/p>\n<p>&nbsp;<\/p>\n<h2><strong>Pourquoi acheter la Dualtron X II chez DUALTRON Store ?<\/strong><\/h2>\n<p><strong>DUALTRON Store<\/strong> est sp\u00e9cialis\u00e9 dans la pr\u00e9paration, sur mesure et \u00e0 la demande du client, de trottinettes \u00e9lectriques haut de gamme (Dualtron , Speedway , ZERO , Kaabo et Currus).<\/p>\n<p>Avant exp\u00e9dition, la <strong>Dualtron X II<\/strong> sera v\u00e9rifi\u00e9e et r\u00e9gl\u00e9e suivant les attentes du client (bridage ou pas, param\u00e9trage du LCD , \u2026).<\/p>\n<p>N\u2019h\u00e9sitez pas \u00e0 nous appeler (07 61 87 64 04 ) pour vous faire votre propre avis sur notre expertise et notre service client !<\/p>\n","protected":false},"excerpt":{"rendered":"<p><img loading=\"lazy\" class=\"alignnone wp-image-614\" src=\"http:\/\/moburbaine.fr\/wp-content\/uploads\/2018\/06\/dulatron.png\" alt=\"\" width=\"246\" height=\"52\" \/><\/p>\n<p>En cette fin d\u2019ann\u00e9e 2020, le fabricant MiniMotors nous annonce la sortie de 3 nouveaux mod\u00e8les Dualtron de 4\u00e8me g\u00e9n\u00e9ration. La <strong>Dualtron X II<\/strong> en fait partie et se positionne comme la rempla\u00e7ante de la fameuse Dualtron X, mod\u00e8le phare de la marque depuis 2018.<br \/>\n<strong>Possibilit\u00e9 de paiement en plusieurs fois. <\/strong><\/p>\n<p><span style=\"color: #993366\"><strong>N&#8217;h\u00e9sitez pas \u00e0 nous contactez au 07 61 87 64 04.<\/strong><\/span><\/p>\n","protected":false},"featured_media":86380,"comment_status":"open","ping_status":"closed","template":"","meta":{"om_disable_all_campaigns":false,"_mi_skip_tracking":false,"_monsterinsights_sitenote_active":false,"_monsterinsights_sitenote_note":"","_monsterinsights_sitenote_category":0},"product_cat":[20,38],"product_tag":[],"aioseo_notices":[],"_links":{"self":[{"href":"https:\/\/dualtron-store.com\/index.php\/wp-json\/wp\/v2\/product\/30371"}],"collection":[{"href":"https:\/\/dualtron-store.com\/index.php\/wp-json\/wp\/v2\/product"}],"about":[{"href":"https:\/\/dualtron-store.com\/index.php\/wp-json\/wp\/v2\/types\/product"}],"replies":[{"embeddable":true,"href":"https:\/\/dualtron-store.com\/index.php\/wp-json\/wp\/v2\/comments?post=30371"}],"wp:featuredmedia":[{"embeddable":true,"href":"https:\/\/dualtron-store.com\/index.php\/wp-json\/wp\/v2\/media\/86380"}],"wp:attachment":[{"href":"https:\/\/dualtron-store.com\/index.php\/wp-json\/wp\/v2\/media?parent=30371"}],"wp:term":[{"taxonomy":"product_cat","embeddable":true,"href":"https:\/\/dualtron-store.com\/index.php\/wp-json\/wp\/v2\/product_cat?post=30371"},{"taxonomy":"product_tag","embeddable":true,"href":"https:\/\/dualtron-store.com\/index.php\/wp-json\/wp\/v2\/product_tag?post=30371"}],"curies":[{"name":"wp","href":"https:\/\/api.w.org\/{rel}","templated":true}]}}