{"id":30335,"date":"2020-11-22T10:48:29","date_gmt":"2020-11-22T09:48:29","guid":{"rendered":"https:\/\/dualtron-store.com\/?post_type=product&#038;p=30335"},"modified":"2025-01-23T13:56:05","modified_gmt":"2025-01-23T12:56:05","slug":"dualtron-storm","status":"publish","type":"product","link":"https:\/\/dualtron-store.com\/index.php\/produit\/dualtron-storm\/","title":{"rendered":"Dualtron Storm"},"content":{"rendered":"<p><iframe loading=\"lazy\" title=\"[TEST] On test la Dualtron STORM ! [2021]\" width=\"1140\" height=\"641\" src=\"https:\/\/www.youtube.com\/embed\/irNINg2Ml8E?feature=oembed\" frameborder=\"0\" allow=\"accelerometer; autoplay; clipboard-write; encrypted-media; gyroscope; picture-in-picture; web-share\" referrerpolicy=\"strict-origin-when-cross-origin\" allowfullscreen><\/iframe><\/p>\n<h2><strong>Les caract\u00e9ristiques de la Dualtron Storm<\/strong><\/h2>\n<h3><em>Couple et puissance<\/em><\/h3>\n<p>Comme les 2 autres mod\u00e8les de la 4\u00e9me g\u00e9n\u00e9ration Dualtron, la dualtron Storm est \u00e9quip\u00e9e d\u2019une batterie en 72V. Voltage sup\u00e9rieur aux pr\u00e9c\u00e9dentes dualtron 60V permettant un gain de puissance.<\/p>\n<p>Avec ses 2 moteurs, la dualtron Storm d\u00e9veloppe une puissance totale de 6640 W, ce qui lui permet de fr\u00f4ler les 100 km\/h sur circuit ou terrain priv\u00e9. La dualtron Storm est une des trottinettes les plus puissante sur le march\u00e9.<\/p>\n<h3><em><strong>Autonomie<\/strong><\/em><\/h3>\n<p>Disposante d\u2019une grosse batterie de 72V, 31,5 a\/h , la duatron Storm est capable de rouler plus de 100 km en une seule charge. Pour obtenir ce r\u00e9sultat, il faut bien s\u00fbr activer le mode eco .<\/p>\n<h3><em><strong>S\u00e9curit\u00e9 et visibilit\u00e9<\/strong><\/em><\/h3>\n<p>La Dualtron Storm dispose de s\u00e9rie\u00a0:<\/p>\n<ul>\n<li>D\u2019un collier avec 2 serrages rapides, permettant une bonne rigidit\u00e9 de la colonne,<\/li>\n<li>D\u2019un \u00e9clairage avant et arri\u00e8res, de clignotants, de bandes led lat\u00e9rales au niveau de la colonne et du plateau vous permettant une bonne visibilit\u00e9 par les autres v\u00e9hicules,<\/li>\n<li>De freins disques avant et arri\u00e8res hydraulique NUTT avec disques en 160 coupl\u00e9 \u00e0 un freinage magn\u00e9tique r\u00e9g\u00e9n\u00e9ratif (KERS).<\/li>\n<\/ul>\n<h3><em><strong>Confort et suspensions<\/strong><\/em><\/h3>\n<p>La Dualtron Storm est une trottinette que l\u2019on positionne dans une gamme \u2018routi\u00e8re\u2019. Elle dispose de pneus route 11 pouces et tubeless pour am\u00e9liorer la motricit\u00e9 et le confort.<\/p>\n<p>Elle dispose d\u2019un syst\u00e8me de suspensions r\u00e9glables en 45 positions (syst\u00e8me de suspension variable en 9 positions + possibilit\u00e9 de changer les cartouches de suspension ( 5 types).<\/p>\n<h2><strong>Les innovations de la Dualtron Storm\u00a0<\/strong><\/h2>\n<p>Par rapport \u00e0 la pr\u00e9c\u00e9dente g\u00e9n\u00e9ration de DUALTRON (Thunder notamment), la Dualtron Storm apporte , entre autres, les innovations\u00a0:<\/p>\n<ul>\n<li>Une batterie amovible sans outils,<\/li>\n<li>Une \u00e9tanch\u00e9it\u00e9 accrue<\/li>\n<li>Des clignotants et un klaxon \u00e9lectrique<\/li>\n<li>Un \u2018folding\u2019 renforc\u00e9 pour am\u00e9liorer la rigidit\u00e9 de la colonne.<\/li>\n<\/ul>\n<h2><strong>Les atouts de la Dualtron Storm<\/strong><\/h2>\n<p>Au regard de ses caract\u00e9ristiques et innovations, la dualtron Storm se positionne comme une trottinette d\u2019exception avec des performances incroyables permettant une utilisation quotidienne. En effet, la plupart des autres trottinettes pr\u00e9sentant de telles caract\u00e9ristiques sont difficilement utilisables tous les jours et ne permettent qu\u2019une utilisation sur circuits ou routes ferm\u00e9es.<\/p>\n<h2><strong>La fiche technique de la Dualtron Storm<\/strong><\/h2>\n<p><strong>Batterie\u00a0:<\/strong> 72V 31,5 ah \u00a0(autonomie de 60 ou 100 km )<\/p>\n<p><strong>Motorisation :<\/strong> 2 moteurs &#8211; puissance max de 6640 W<\/p>\n<p><strong>Freinage\u00a0:<\/strong>\u00a0 Disques de 160 mm &#8211; Freins hydrauliques NUTT avant et arri\u00e8re + Freins \u00e9lectriques KERS<\/p>\n<p><strong>Vitesse max\u00a0:<\/strong> 25 km\/h ou 100 km\/ sur voie priv\u00e9e<\/p>\n<p><strong>Roues\u00a0:<\/strong> 11 pouces \u2013 pneus tubeless<\/p>\n<p><strong>Suspensions\u00a0:<\/strong>\u00a0avant et arri\u00e8re &#8211; 45 niveaux d&#8217;ajustement ( 9 niveaux variable + 5 types de duret\u00e9 pour les cartouches )<\/p>\n<p><strong>Dispositif d\u2019\u00e9clairage :\u00a0<\/strong><span lang=\"fr\">Syst\u00e8me d&#8217;\u00e9clairage complet (bras, colonne de direction, deck lat\u00e9ral, cadre, feu arri\u00e8re, avant, feu stop, clignotants)<\/span><\/p>\n<p><strong>Poids\u00a0:<\/strong>\u00a046 kg<\/p>\n<p>&nbsp;<\/p>\n<h2><strong>Pourquoi acheter la Dualtron Storm chez Dualtron Store ?<\/strong><\/h2>\n<p><strong>Dualtron Store\u00a0<\/strong>s&#8217;attache \u00e0 vous offrir un service Premium.<\/p>\n<p>Avant exp\u00e9dition, la <strong>Dualtron Storm<\/strong> sera v\u00e9rifi\u00e9e et r\u00e9gl\u00e9e suivant les attentes du client (bridage ou pas, param\u00e9trage du LCD , \u2026).<\/p>\n<p>N\u2019h\u00e9sitez pas \u00e0 nous appeler (07 61 87 64 04 ) pour vous faire votre propre avis sur notre expertise et notre service client !<\/p>\n","protected":false},"excerpt":{"rendered":"<p><strong>La Dualtron Storm<\/strong>\u00a0fait partie de la s\u00e9rie des dualtron en 72 V. Tr\u00e8s puissante et coupleuse , cette trottinette vous apportera des sensations incroyables&#8230;<\/p>\n<p><strong>Contactez nous au 07 61 87 64 04.<\/strong><\/p>\n<p><span style=\"color: #993366\"><strong>En stock.<\/strong><\/span><\/p>\n","protected":false},"featured_media":86400,"comment_status":"open","ping_status":"closed","template":"","meta":{"om_disable_all_campaigns":false,"_mi_skip_tracking":false,"_monsterinsights_sitenote_active":false,"_monsterinsights_sitenote_note":"","_monsterinsights_sitenote_category":0},"product_cat":[20,38],"product_tag":[],"aioseo_notices":[],"_links":{"self":[{"href":"https:\/\/dualtron-store.com\/index.php\/wp-json\/wp\/v2\/product\/30335"}],"collection":[{"href":"https:\/\/dualtron-store.com\/index.php\/wp-json\/wp\/v2\/product"}],"about":[{"href":"https:\/\/dualtron-store.com\/index.php\/wp-json\/wp\/v2\/types\/product"}],"replies":[{"embeddable":true,"href":"https:\/\/dualtron-store.com\/index.php\/wp-json\/wp\/v2\/comments?post=30335"}],"wp:featuredmedia":[{"embeddable":true,"href":"https:\/\/dualtron-store.com\/index.php\/wp-json\/wp\/v2\/media\/86400"}],"wp:attachment":[{"href":"https:\/\/dualtron-store.com\/index.php\/wp-json\/wp\/v2\/media?parent=30335"}],"wp:term":[{"taxonomy":"product_cat","embeddable":true,"href":"https:\/\/dualtron-store.com\/index.php\/wp-json\/wp\/v2\/product_cat?post=30335"},{"taxonomy":"product_tag","embeddable":true,"href":"https:\/\/dualtron-store.com\/index.php\/wp-json\/wp\/v2\/product_tag?post=30335"}],"curies":[{"name":"wp","href":"https:\/\/api.w.org\/{rel}","templated":true}]}}