{"id":2831,"date":"2019-08-04T18:53:57","date_gmt":"2019-08-04T16:53:57","guid":{"rendered":"https:\/\/dualtron-store.com\/?post_type=product&#038;p=2831"},"modified":"2024-11-06T13:23:02","modified_gmt":"2024-11-06T12:23:02","slug":"systeme-daccrochage-pour-spider","status":"publish","type":"product","link":"https:\/\/dualtron-store.com\/index.php\/produit\/systeme-daccrochage-pour-spider\/","title":{"rendered":"Syst\u00e8me d&#8217;accrochage pour Spider"},"content":{"rendered":"","protected":false},"excerpt":{"rendered":"<p>Syst\u00e8me complet pour accrocher la colonne de votre Spider au niveau du plateau. Permet \u00e9galement de mettre en place une poign\u00e9e &#8216;classique&#8217; Dualtron. Tr\u00e8s belle finition des \u00e9l\u00e9ments qui composent le syst\u00e8me.<\/p>\n","protected":false},"featured_media":2833,"comment_status":"open","ping_status":"closed","template":"","meta":{"om_disable_all_campaigns":false,"_mi_skip_tracking":false,"_monsterinsights_sitenote_active":false,"_monsterinsights_sitenote_note":"","_monsterinsights_sitenote_category":0},"product_cat":[18,51],"product_tag":[],"aioseo_notices":[],"_links":{"self":[{"href":"https:\/\/dualtron-store.com\/index.php\/wp-json\/wp\/v2\/product\/2831"}],"collection":[{"href":"https:\/\/dualtron-store.com\/index.php\/wp-json\/wp\/v2\/product"}],"about":[{"href":"https:\/\/dualtron-store.com\/index.php\/wp-json\/wp\/v2\/types\/product"}],"replies":[{"embeddable":true,"href":"https:\/\/dualtron-store.com\/index.php\/wp-json\/wp\/v2\/comments?post=2831"}],"wp:featuredmedia":[{"embeddable":true,"href":"https:\/\/dualtron-store.com\/index.php\/wp-json\/wp\/v2\/media\/2833"}],"wp:attachment":[{"href":"https:\/\/dualtron-store.com\/index.php\/wp-json\/wp\/v2\/media?parent=2831"}],"wp:term":[{"taxonomy":"product_cat","embeddable":true,"href":"https:\/\/dualtron-store.com\/index.php\/wp-json\/wp\/v2\/product_cat?post=2831"},{"taxonomy":"product_tag","embeddable":true,"href":"https:\/\/dualtron-store.com\/index.php\/wp-json\/wp\/v2\/product_tag?post=2831"}],"curies":[{"name":"wp","href":"https:\/\/api.w.org\/{rel}","templated":true}]}}