{"id":2818,"date":"2019-08-04T16:10:02","date_gmt":"2019-08-04T14:10:02","guid":{"rendered":"https:\/\/dualtron-store.com\/?post_type=product&#038;p=2818"},"modified":"2025-06-20T12:05:50","modified_gmt":"2025-06-20T10:05:50","slug":"speedway-leger","status":"publish","type":"product","link":"https:\/\/dualtron-store.com\/index.php\/produit\/speedway-leger\/","title":{"rendered":"Speedway LEGER"},"content":{"rendered":"<div><strong>Caract\u00e9ristiques techniques :<\/strong><\/div>\n<div>\n<ul>\n<li>Vitesse maximum : 45 km\/h<\/li>\n<li>35 \u00e0 40 km d\u2019autonomie<\/li>\n<li>Poids : 19 kg<\/li>\n<li>Pente : environ 35 degr\u00e9s<\/li>\n<li>Puissance: moteur brushless &#8211; 500 w continu &#8211; 1360 W max.<\/li>\n<li>Batterie Lithium 48v 15,6 ah<\/li>\n<li>Roues 8,5\u2033 pneus gonflables<\/li>\n<li>Feux avant\/arri\u00e8re<\/li>\n<li>Suspensions avant et arri\u00e8re<\/li>\n<\/ul>\n<\/div>\n","protected":false},"excerpt":{"rendered":"<p><img loading=\"lazy\" class=\"alignnone wp-image-2822\" src=\"https:\/\/dualtron-store.com\/wp-content\/uploads\/2019\/08\/Logo-Speedway-Minimotors-1-e1564930370355.png\" alt=\"\" width=\"183\" height=\"50\" \/><br \/>\nLa trottinette \u00e9lectrique <strong>Speedway\u00a0LEGER <\/strong>est un nouveau\u00a0mod\u00e8le de MiniMotors qui se positionne entre la Speedway Mini 4 pro et la Speedway 4.<br \/>\nLa\u00a0<strong>Speedway LEGER<\/strong> se d\u00e9marque par son excellent confort et ses performances exceptionnelles dans cette gamme de prix.<br \/>\nLa <strong>Speedway LEGER<\/strong> dispose de deux bandeaux LED au niveau du plateau qui illuminent le logo. Ces LED, en plus d&#8217;apporter une touche esth\u00e9tique offre plus de visibilit\u00e9 la nuit .<br \/>\nUn pont sur\u00e9lev\u00e9 est pr\u00e9sent \u00e0 l&#8217;arri\u00e8re du plateau. Cette nouveaut\u00e9 permet un r\u00e9el confort de conduite quelque soit votre position.<br \/>\nSes pneus avant et arri\u00e8re sont de 8,5 pouces et sont d&#8217;une bonne largeur.<br \/>\nEquip\u00e9e d&#8217;un moteur de 500W et d&#8217;une batterie 48v\/15.6Ah, elle peut atteindre une vitesse maximale de 45km\/h et dispose d&#8217;une autonomie de 35 \u00e0 40 km.<\/p>\n<p><strong><span style=\"color: #993366;\">En stock &#8211;\u00a0<\/span><\/strong><strong><span style=\"color: #993366;\">Livraison 24\/48H<\/span><\/strong><\/p>\n<p><strong><span style=\"color: #993366;\"><span style=\"color: #333399;\">Possibilit\u00e9 de paiement en 3X ou 4X par Carte Bancaire, en ligne, sans justificatif.<\/span><\/span><br \/>\n<\/strong><\/p>\n","protected":false},"featured_media":86392,"comment_status":"open","ping_status":"closed","template":"","meta":{"om_disable_all_campaigns":false,"_mi_skip_tracking":false,"_monsterinsights_sitenote_active":false,"_monsterinsights_sitenote_note":"","_monsterinsights_sitenote_category":0},"product_cat":[20,36],"product_tag":[],"aioseo_notices":[],"_links":{"self":[{"href":"https:\/\/dualtron-store.com\/index.php\/wp-json\/wp\/v2\/product\/2818"}],"collection":[{"href":"https:\/\/dualtron-store.com\/index.php\/wp-json\/wp\/v2\/product"}],"about":[{"href":"https:\/\/dualtron-store.com\/index.php\/wp-json\/wp\/v2\/types\/product"}],"replies":[{"embeddable":true,"href":"https:\/\/dualtron-store.com\/index.php\/wp-json\/wp\/v2\/comments?post=2818"}],"wp:featuredmedia":[{"embeddable":true,"href":"https:\/\/dualtron-store.com\/index.php\/wp-json\/wp\/v2\/media\/86392"}],"wp:attachment":[{"href":"https:\/\/dualtron-store.com\/index.php\/wp-json\/wp\/v2\/media?parent=2818"}],"wp:term":[{"taxonomy":"product_cat","embeddable":true,"href":"https:\/\/dualtron-store.com\/index.php\/wp-json\/wp\/v2\/product_cat?post=2818"},{"taxonomy":"product_tag","embeddable":true,"href":"https:\/\/dualtron-store.com\/index.php\/wp-json\/wp\/v2\/product_tag?post=2818"}],"curies":[{"name":"wp","href":"https:\/\/api.w.org\/{rel}","templated":true}]}}