{"id":2510,"date":"2019-05-22T21:54:38","date_gmt":"2019-05-22T19:54:38","guid":{"rendered":"https:\/\/dualtron-store.com\/?post_type=product&#038;p=2510"},"modified":"2026-03-27T10:46:37","modified_gmt":"2026-03-27T09:46:37","slug":"vis-serrage-rapide-m8-pour-collier-dualtron","status":"publish","type":"product","link":"https:\/\/dualtron-store.com\/index.php\/produit\/vis-serrage-rapide-m8-pour-collier-dualtron\/","title":{"rendered":"Vis serrage rapide M8 pour collier DUALTRON"},"content":{"rendered":"","protected":false},"excerpt":{"rendered":"<p><strong>Vis M8 de 8mm pour collier de serrage\u00a0situ\u00e9 au niveau du syst\u00e8me de pliage<\/strong>\u00a0de Dualtron. compatible DT3 et Thunder (version M8)<\/p>\n<p>N&#8217;h\u00e9sitez pas \u00e0 nous contacter pour s&#8217;assurer de la compatibilit\u00e9.<\/p>\n","protected":false},"featured_media":86679,"comment_status":"open","ping_status":"closed","template":"","meta":{"om_disable_all_campaigns":false,"_mi_skip_tracking":false,"_monsterinsights_sitenote_active":false,"_monsterinsights_sitenote_note":"","_monsterinsights_sitenote_category":0},"product_cat":[18,51],"product_tag":[],"aioseo_notices":[],"_links":{"self":[{"href":"https:\/\/dualtron-store.com\/index.php\/wp-json\/wp\/v2\/product\/2510"}],"collection":[{"href":"https:\/\/dualtron-store.com\/index.php\/wp-json\/wp\/v2\/product"}],"about":[{"href":"https:\/\/dualtron-store.com\/index.php\/wp-json\/wp\/v2\/types\/product"}],"replies":[{"embeddable":true,"href":"https:\/\/dualtron-store.com\/index.php\/wp-json\/wp\/v2\/comments?post=2510"}],"wp:featuredmedia":[{"embeddable":true,"href":"https:\/\/dualtron-store.com\/index.php\/wp-json\/wp\/v2\/media\/86679"}],"wp:attachment":[{"href":"https:\/\/dualtron-store.com\/index.php\/wp-json\/wp\/v2\/media?parent=2510"}],"wp:term":[{"taxonomy":"product_cat","embeddable":true,"href":"https:\/\/dualtron-store.com\/index.php\/wp-json\/wp\/v2\/product_cat?post=2510"},{"taxonomy":"product_tag","embeddable":true,"href":"https:\/\/dualtron-store.com\/index.php\/wp-json\/wp\/v2\/product_tag?post=2510"}],"curies":[{"name":"wp","href":"https:\/\/api.w.org\/{rel}","templated":true}]}}