{"id":2486,"date":"2019-05-14T19:39:06","date_gmt":"2019-05-14T17:39:06","guid":{"rendered":"https:\/\/dualtron-store.com\/?post_type=product&#038;p=2486"},"modified":"2026-04-13T22:38:37","modified_gmt":"2026-04-13T20:38:37","slug":"controleur-dualtron-3-60v-27-a","status":"publish","type":"product","link":"https:\/\/dualtron-store.com\/index.php\/produit\/controleur-dualtron-3-60v-27-a\/","title":{"rendered":"Controleur Dualtron 3 &#8211; speedway 5 &#8211; 60V 27 A"},"content":{"rendered":"","protected":false},"excerpt":{"rendered":"<p>Contr\u00f4leur\u00a0Minimotors pour\u00a0Dualtron et\u00a0Speedway 5\u00a0&#8211; 60V &#8211; 27 Amp\u00e8res pi\u00e8ce de remplacement pour Dualtron 3 et speedway 5, Permet une upgrade pour la raptor en remplacement du contr\u00f4leur 22 amp\u00e8res. Offre \u00e0 dur\u00e9e limit\u00e9e : 185 \u20ac au lieu de 199 \u20ac.<\/p>\n","protected":false},"featured_media":83624,"comment_status":"open","ping_status":"closed","template":"","meta":{"om_disable_all_campaigns":false,"_mi_skip_tracking":false,"_monsterinsights_sitenote_active":false,"_monsterinsights_sitenote_note":"","_monsterinsights_sitenote_category":0},"product_cat":[275,277,276,278,282,18,51],"product_tag":[],"aioseo_notices":[],"_links":{"self":[{"href":"https:\/\/dualtron-store.com\/index.php\/wp-json\/wp\/v2\/product\/2486"}],"collection":[{"href":"https:\/\/dualtron-store.com\/index.php\/wp-json\/wp\/v2\/product"}],"about":[{"href":"https:\/\/dualtron-store.com\/index.php\/wp-json\/wp\/v2\/types\/product"}],"replies":[{"embeddable":true,"href":"https:\/\/dualtron-store.com\/index.php\/wp-json\/wp\/v2\/comments?post=2486"}],"wp:featuredmedia":[{"embeddable":true,"href":"https:\/\/dualtron-store.com\/index.php\/wp-json\/wp\/v2\/media\/83624"}],"wp:attachment":[{"href":"https:\/\/dualtron-store.com\/index.php\/wp-json\/wp\/v2\/media?parent=2486"}],"wp:term":[{"taxonomy":"product_cat","embeddable":true,"href":"https:\/\/dualtron-store.com\/index.php\/wp-json\/wp\/v2\/product_cat?post=2486"},{"taxonomy":"product_tag","embeddable":true,"href":"https:\/\/dualtron-store.com\/index.php\/wp-json\/wp\/v2\/product_tag?post=2486"}],"curies":[{"name":"wp","href":"https:\/\/api.w.org\/{rel}","templated":true}]}}