{"id":2474,"date":"2019-05-11T21:31:21","date_gmt":"2019-05-11T19:31:21","guid":{"rendered":"https:\/\/dualtron-store.com\/?post_type=product&#038;p=2474"},"modified":"2026-02-14T16:49:18","modified_gmt":"2026-02-14T15:49:18","slug":"pneu-avant-cst-10-x-25","status":"publish","type":"product","link":"https:\/\/dualtron-store.com\/index.php\/produit\/pneu-avant-cst-10-x-25\/","title":{"rendered":"Pneu CST 10 x 2,5 &#8211; DT new &#8211; eagle &#8211; spider &#8211; speedway 4"},"content":{"rendered":"","protected":false},"excerpt":{"rendered":"<p>Pneu d&#8217;origine 10 x 2,5 pouces pour Speedway 4 , Dualtron NEW, Eagle, Spider ou ZERO 10X. Marque CST. La duatron spider est mont\u00e9e d&#8217;origine avec des pneus de 2 pouces (Spider V1) ou 2.25 pouces (Spider V2). Il est recommand\u00e9 de passer \u00e0 ces pneus de 2.5 pouces afin d&#8217;accro\u00eetre l&#8217;adh\u00e9rence et la stabilit\u00e9.<\/p>\n","protected":false},"featured_media":86397,"comment_status":"open","ping_status":"closed","template":"","meta":{"om_disable_all_campaigns":false,"_mi_skip_tracking":false,"_monsterinsights_sitenote_active":false,"_monsterinsights_sitenote_note":"","_monsterinsights_sitenote_category":0},"product_cat":[277,276,278,283,18,51,52],"product_tag":[],"aioseo_notices":[],"_links":{"self":[{"href":"https:\/\/dualtron-store.com\/index.php\/wp-json\/wp\/v2\/product\/2474"}],"collection":[{"href":"https:\/\/dualtron-store.com\/index.php\/wp-json\/wp\/v2\/product"}],"about":[{"href":"https:\/\/dualtron-store.com\/index.php\/wp-json\/wp\/v2\/types\/product"}],"replies":[{"embeddable":true,"href":"https:\/\/dualtron-store.com\/index.php\/wp-json\/wp\/v2\/comments?post=2474"}],"wp:featuredmedia":[{"embeddable":true,"href":"https:\/\/dualtron-store.com\/index.php\/wp-json\/wp\/v2\/media\/86397"}],"wp:attachment":[{"href":"https:\/\/dualtron-store.com\/index.php\/wp-json\/wp\/v2\/media?parent=2474"}],"wp:term":[{"taxonomy":"product_cat","embeddable":true,"href":"https:\/\/dualtron-store.com\/index.php\/wp-json\/wp\/v2\/product_cat?post=2474"},{"taxonomy":"product_tag","embeddable":true,"href":"https:\/\/dualtron-store.com\/index.php\/wp-json\/wp\/v2\/product_tag?post=2474"}],"curies":[{"name":"wp","href":"https:\/\/api.w.org\/{rel}","templated":true}]}}