{"id":2409,"date":"2019-04-30T21:41:39","date_gmt":"2019-04-30T19:41:39","guid":{"rendered":"https:\/\/dualtron-store.com\/?post_type=product&#038;p=2409"},"modified":"2026-03-17T12:26:27","modified_gmt":"2026-03-17T11:26:27","slug":"prolongateur-de-bequille","status":"publish","type":"product","link":"https:\/\/dualtron-store.com\/index.php\/produit\/prolongateur-de-bequille\/","title":{"rendered":"Adaptateur de b\u00e9quille Carbonrevo"},"content":{"rendered":"","protected":false},"excerpt":{"rendered":"<p>Adaptateur de b\u00e9quille CarbonRevo pour Dualtron . Produit Authentique de la luxueuse marque CarbonRevo. Made in Singapour. Avez-vous votre Dualtron qui s&#8217;incline trop sur le c\u00f4t\u00e9 lorsque vous la garez? Ceci est votre solution. Cet adaptateur permet d&#8217;installer la b\u00e9quille lat\u00e9rale Carbonrevo plus bas, am\u00e9liorant ainsi l&#8217;angle de stationnement. Cela contribue \u00e9galement \u00e0 prolonger la dur\u00e9e de vie de la b\u00e9quille lat\u00e9rale. La position des trous multiples lui permet d&#8217;\u00eatre utilis\u00e9 avec diff\u00e9rents mod\u00e8les tels que Spider, Thunder et DT3. Les remplacements futurs seront beaucoup plus faciles. Vous n&#8217;avez pas besoin d&#8217;ouvrir \u00e0 nouveau le capot lat\u00e9ral.<\/p>\n","protected":false},"featured_media":86493,"comment_status":"open","ping_status":"closed","template":"","meta":{"om_disable_all_campaigns":false,"_mi_skip_tracking":false,"_monsterinsights_sitenote_active":false,"_monsterinsights_sitenote_note":"","_monsterinsights_sitenote_category":0},"product_cat":[158,18,51],"product_tag":[],"aioseo_notices":[],"_links":{"self":[{"href":"https:\/\/dualtron-store.com\/index.php\/wp-json\/wp\/v2\/product\/2409"}],"collection":[{"href":"https:\/\/dualtron-store.com\/index.php\/wp-json\/wp\/v2\/product"}],"about":[{"href":"https:\/\/dualtron-store.com\/index.php\/wp-json\/wp\/v2\/types\/product"}],"replies":[{"embeddable":true,"href":"https:\/\/dualtron-store.com\/index.php\/wp-json\/wp\/v2\/comments?post=2409"}],"wp:featuredmedia":[{"embeddable":true,"href":"https:\/\/dualtron-store.com\/index.php\/wp-json\/wp\/v2\/media\/86493"}],"wp:attachment":[{"href":"https:\/\/dualtron-store.com\/index.php\/wp-json\/wp\/v2\/media?parent=2409"}],"wp:term":[{"taxonomy":"product_cat","embeddable":true,"href":"https:\/\/dualtron-store.com\/index.php\/wp-json\/wp\/v2\/product_cat?post=2409"},{"taxonomy":"product_tag","embeddable":true,"href":"https:\/\/dualtron-store.com\/index.php\/wp-json\/wp\/v2\/product_tag?post=2409"}],"curies":[{"name":"wp","href":"https:\/\/api.w.org\/{rel}","templated":true}]}}