{"id":2395,"date":"2019-04-29T13:17:53","date_gmt":"2019-04-29T11:17:53","guid":{"rendered":"https:\/\/dualtron-store.com\/?post_type=product&#038;p=2395"},"modified":"2025-01-30T13:56:00","modified_gmt":"2025-01-30T12:56:00","slug":"poignee-de-transport-pour-spider","status":"publish","type":"product","link":"https:\/\/dualtron-store.com\/index.php\/produit\/poignee-de-transport-pour-spider\/","title":{"rendered":"Poign\u00e9e de transport Eagle &#8211; Spider &#8211; Raptor 2"},"content":{"rendered":"","protected":false},"excerpt":{"rendered":"<p><img loading=\"lazy\" class=\"alignnone wp-image-614\" src=\"https:\/\/dualtron-store.com\/wp-content\/uploads\/2018\/06\/dulatron.png\" alt=\"\" width=\"312\" height=\"66\" \/><\/p>\n<p>Cette <strong>poign\u00e9e de transport<\/strong>\u00a0permet de porter votre <strong>Duatron Eagle , Spider ou raptor 2<\/strong> plus facilement.<\/p>\n<p>La Eagle , Spider et la raptor 2 \u00e9tant d\u00e9pourvus de trous \u00e0 l&#8217;arri\u00e8re, cette poign\u00e9e est fournie avec un adaptateur sp\u00e9cifique pour une mise en place tr\u00e8s simple sans modification.<\/p>\n<p>Les vis de fixation et 4 rondelles de couleur sont incluses (2 en haut de la poign\u00e9e, 2 au niveau des vis de fixation).<\/p>\n","protected":false},"featured_media":86665,"comment_status":"open","ping_status":"closed","template":"","meta":{"om_disable_all_campaigns":false,"_mi_skip_tracking":false,"_monsterinsights_sitenote_active":false,"_monsterinsights_sitenote_note":"","_monsterinsights_sitenote_category":0},"product_cat":[277,278,18,51],"product_tag":[],"aioseo_notices":[],"_links":{"self":[{"href":"https:\/\/dualtron-store.com\/index.php\/wp-json\/wp\/v2\/product\/2395"}],"collection":[{"href":"https:\/\/dualtron-store.com\/index.php\/wp-json\/wp\/v2\/product"}],"about":[{"href":"https:\/\/dualtron-store.com\/index.php\/wp-json\/wp\/v2\/types\/product"}],"replies":[{"embeddable":true,"href":"https:\/\/dualtron-store.com\/index.php\/wp-json\/wp\/v2\/comments?post=2395"}],"wp:featuredmedia":[{"embeddable":true,"href":"https:\/\/dualtron-store.com\/index.php\/wp-json\/wp\/v2\/media\/86665"}],"wp:attachment":[{"href":"https:\/\/dualtron-store.com\/index.php\/wp-json\/wp\/v2\/media?parent=2395"}],"wp:term":[{"taxonomy":"product_cat","embeddable":true,"href":"https:\/\/dualtron-store.com\/index.php\/wp-json\/wp\/v2\/product_cat?post=2395"},{"taxonomy":"product_tag","embeddable":true,"href":"https:\/\/dualtron-store.com\/index.php\/wp-json\/wp\/v2\/product_tag?post=2395"}],"curies":[{"name":"wp","href":"https:\/\/api.w.org\/{rel}","templated":true}]}}