{"id":2368,"date":"2019-04-27T21:32:04","date_gmt":"2019-04-27T19:32:04","guid":{"rendered":"https:\/\/dualtron-store.com\/?post_type=product&#038;p=2368"},"modified":"2025-08-29T12:47:32","modified_gmt":"2025-08-29T10:47:32","slug":"protection-de-plateau-transparent","status":"publish","type":"product","link":"https:\/\/dualtron-store.com\/index.php\/produit\/protection-de-plateau-transparent\/","title":{"rendered":"Protection de plateau transparent Carbonrevo pour Dualtron &#038; Speedway"},"content":{"rendered":"","protected":false},"excerpt":{"rendered":"<p><strong>protection de\u00a0plateau ( deck cover) transparente CarbonRevo &#8216; scratch resistant&#8217; .<\/strong><\/p>\n<p>Produit Authentique de la luxueuse marque CarbonRevo.<br \/>\nMade in Singapour.<\/p>\n<ul>\n<li>se place sur le plateau d&#8217;origine,<\/li>\n<li>version\u00a0r\u00e9sistante aux rayures.<\/li>\n<\/ul>\n<p>Pour le transport, la plaque en plexiglass est prot\u00e9g\u00e9 par un film de protection. Ce film de protection est \u00e0 retirer pour d\u00e9couvrir la transparence du produit.<\/p>\n","protected":false},"featured_media":2363,"comment_status":"open","ping_status":"closed","template":"","meta":{"om_disable_all_campaigns":false,"_mi_skip_tracking":false,"_monsterinsights_sitenote_active":false,"_monsterinsights_sitenote_note":"","_monsterinsights_sitenote_category":0},"product_cat":[158,275,288,277,287,276,278,274,281,273,18,51],"product_tag":[],"aioseo_notices":[],"_links":{"self":[{"href":"https:\/\/dualtron-store.com\/index.php\/wp-json\/wp\/v2\/product\/2368"}],"collection":[{"href":"https:\/\/dualtron-store.com\/index.php\/wp-json\/wp\/v2\/product"}],"about":[{"href":"https:\/\/dualtron-store.com\/index.php\/wp-json\/wp\/v2\/types\/product"}],"replies":[{"embeddable":true,"href":"https:\/\/dualtron-store.com\/index.php\/wp-json\/wp\/v2\/comments?post=2368"}],"wp:featuredmedia":[{"embeddable":true,"href":"https:\/\/dualtron-store.com\/index.php\/wp-json\/wp\/v2\/media\/2363"}],"wp:attachment":[{"href":"https:\/\/dualtron-store.com\/index.php\/wp-json\/wp\/v2\/media?parent=2368"}],"wp:term":[{"taxonomy":"product_cat","embeddable":true,"href":"https:\/\/dualtron-store.com\/index.php\/wp-json\/wp\/v2\/product_cat?post=2368"},{"taxonomy":"product_tag","embeddable":true,"href":"https:\/\/dualtron-store.com\/index.php\/wp-json\/wp\/v2\/product_tag?post=2368"}],"curies":[{"name":"wp","href":"https:\/\/api.w.org\/{rel}","templated":true}]}}