{"id":2340,"date":"2019-04-26T19:59:35","date_gmt":"2019-04-26T17:59:35","guid":{"rendered":"https:\/\/dualtron-store.com\/?post_type=product&#038;p=2340"},"modified":"2025-12-27T23:19:38","modified_gmt":"2025-12-27T22:19:38","slug":"etriers-xtech-dualtron-3-speedway-4-5","status":"publish","type":"product","link":"https:\/\/dualtron-store.com\/index.php\/produit\/etriers-xtech-dualtron-3-speedway-4-5\/","title":{"rendered":"Etriers de frein Xtech &#8211; dualtron 3 &#8211; spider &#8211; speedway 5"},"content":{"rendered":"","protected":false},"excerpt":{"rendered":"<p><strong>Paire d&#8217;Etriers de frein (avant et arri\u00e8re) Xtech pour dualtron 3, speedway 4 et 5<br \/>\n<\/strong>Ce sont les \u00e9triers install\u00e9s de s\u00e9rie, en noir, sur la\u00a0Dualtron 3.<strong><br \/>\n<\/strong>Permet de monter en gamme pour la spider et les speedway 4 et 5 en am\u00e9liorant le freinage (compatible de base sur les supports d&#8217;origine) et d&#8217;am\u00e9liorer l&#8217;esth\u00e9tique.<\/p>\n<p>Ils peuvent \u00e9galement se monter sur la spider, n\u00e9anmoins, il est n\u00e9cessaire d&#8217;adapter le garde boue ou de mettre un garde boue carbonrevo.<\/p>\n<p>Caract\u00e9ristiques:<br \/>\n&#8211; \u00e9triers semi hydraulique (tirage par cable, freinage interne \u00e9trier hydraulique ),<br \/>\n&#8211; plaquettes incluses,<br \/>\n&#8211; tr\u00e8s esth\u00e9tique, notamment en rouge.<\/p>\n<p>Contactez nous pour tout compl\u00e9ment d&#8217;information.<\/p>\n<p><strong><span style=\"color: #993366;\">En stock.<\/span><\/strong><\/p>\n","protected":false},"featured_media":86438,"comment_status":"open","ping_status":"closed","template":"","meta":{"om_disable_all_campaigns":false,"_mi_skip_tracking":false,"_monsterinsights_sitenote_active":false,"_monsterinsights_sitenote_note":"","_monsterinsights_sitenote_category":0},"product_cat":[275,277,276,278,283,282,18,51,52],"product_tag":[],"aioseo_notices":[],"_links":{"self":[{"href":"https:\/\/dualtron-store.com\/index.php\/wp-json\/wp\/v2\/product\/2340"}],"collection":[{"href":"https:\/\/dualtron-store.com\/index.php\/wp-json\/wp\/v2\/product"}],"about":[{"href":"https:\/\/dualtron-store.com\/index.php\/wp-json\/wp\/v2\/types\/product"}],"replies":[{"embeddable":true,"href":"https:\/\/dualtron-store.com\/index.php\/wp-json\/wp\/v2\/comments?post=2340"}],"wp:featuredmedia":[{"embeddable":true,"href":"https:\/\/dualtron-store.com\/index.php\/wp-json\/wp\/v2\/media\/86438"}],"wp:attachment":[{"href":"https:\/\/dualtron-store.com\/index.php\/wp-json\/wp\/v2\/media?parent=2340"}],"wp:term":[{"taxonomy":"product_cat","embeddable":true,"href":"https:\/\/dualtron-store.com\/index.php\/wp-json\/wp\/v2\/product_cat?post=2340"},{"taxonomy":"product_tag","embeddable":true,"href":"https:\/\/dualtron-store.com\/index.php\/wp-json\/wp\/v2\/product_tag?post=2340"}],"curies":[{"name":"wp","href":"https:\/\/api.w.org\/{rel}","templated":true}]}}