{"id":2308,"date":"2019-04-19T20:59:40","date_gmt":"2019-04-19T18:59:40","guid":{"rendered":"https:\/\/dualtron-store.com\/?post_type=product&#038;p=2308"},"modified":"2026-04-09T22:29:58","modified_gmt":"2026-04-09T20:29:58","slug":"barre-avant-carbonrevo","status":"publish","type":"product","link":"https:\/\/dualtron-store.com\/index.php\/produit\/barre-avant-carbonrevo\/","title":{"rendered":"Barre avant Carbonrevo"},"content":{"rendered":"","protected":false},"excerpt":{"rendered":"<p><strong>Barre avant carbone CarbonRevo pour porter votre Dualtron ou y apposer des phares.<br \/>\n<\/strong><strong>Compatible dualtron 3 et thunder.<\/strong><\/p>\n<p>Produit Authentique de la luxueuse marque CarbonRevo.<br \/>\nMade in Singapour.<\/p>\n<ul>\n<li>barre en carbone,<\/li>\n<li>Se fixe au niveau de la colonne,<\/li>\n<li>am\u00e9liore la visibilit\u00e9, embouts LED rouge 3 positions: \u00e9teint, fixe ou clignotant,<\/li>\n<li>champs en alu en rouge.<\/li>\n<\/ul>\n<p>&nbsp;<\/p>\n","protected":false},"featured_media":86692,"comment_status":"open","ping_status":"closed","template":"","meta":{"om_disable_all_campaigns":false,"_mi_skip_tracking":false,"_monsterinsights_sitenote_active":false,"_monsterinsights_sitenote_note":"","_monsterinsights_sitenote_category":0},"product_cat":[158,18,51],"product_tag":[],"aioseo_notices":[],"_links":{"self":[{"href":"https:\/\/dualtron-store.com\/index.php\/wp-json\/wp\/v2\/product\/2308"}],"collection":[{"href":"https:\/\/dualtron-store.com\/index.php\/wp-json\/wp\/v2\/product"}],"about":[{"href":"https:\/\/dualtron-store.com\/index.php\/wp-json\/wp\/v2\/types\/product"}],"replies":[{"embeddable":true,"href":"https:\/\/dualtron-store.com\/index.php\/wp-json\/wp\/v2\/comments?post=2308"}],"wp:featuredmedia":[{"embeddable":true,"href":"https:\/\/dualtron-store.com\/index.php\/wp-json\/wp\/v2\/media\/86692"}],"wp:attachment":[{"href":"https:\/\/dualtron-store.com\/index.php\/wp-json\/wp\/v2\/media?parent=2308"}],"wp:term":[{"taxonomy":"product_cat","embeddable":true,"href":"https:\/\/dualtron-store.com\/index.php\/wp-json\/wp\/v2\/product_cat?post=2308"},{"taxonomy":"product_tag","embeddable":true,"href":"https:\/\/dualtron-store.com\/index.php\/wp-json\/wp\/v2\/product_tag?post=2308"}],"curies":[{"name":"wp","href":"https:\/\/api.w.org\/{rel}","templated":true}]}}