{"id":21003,"date":"2020-06-27T17:00:04","date_gmt":"2020-06-27T15:00:04","guid":{"rendered":"https:\/\/dualtron-store.com\/?post_type=product&#038;p=21003"},"modified":"2026-03-27T10:48:15","modified_gmt":"2026-03-27T09:48:15","slug":"kit-de-blocage-pliage-speedway-4-et-5","status":"publish","type":"product","link":"https:\/\/dualtron-store.com\/index.php\/produit\/kit-de-blocage-pliage-speedway-4-et-5\/","title":{"rendered":"Kit de blocage pliage Speedway 4 et 5"},"content":{"rendered":"","protected":false},"excerpt":{"rendered":"<p><strong>Set de pi\u00e8ces de remplacement pour le blocage du syst\u00e8me de pliage des speedway 4 et 5.<br \/>\n<\/strong>Ensemble de pi\u00e8ces telles que pr\u00e9sent\u00e9es sur la photo.<strong><br \/>\n<\/strong><\/p>\n","protected":false},"featured_media":30452,"comment_status":"open","ping_status":"closed","template":"","meta":{"om_disable_all_campaigns":false,"_mi_skip_tracking":false,"_monsterinsights_sitenote_active":false,"_monsterinsights_sitenote_note":"","_monsterinsights_sitenote_category":0},"product_cat":[18,52],"product_tag":[],"aioseo_notices":[],"_links":{"self":[{"href":"https:\/\/dualtron-store.com\/index.php\/wp-json\/wp\/v2\/product\/21003"}],"collection":[{"href":"https:\/\/dualtron-store.com\/index.php\/wp-json\/wp\/v2\/product"}],"about":[{"href":"https:\/\/dualtron-store.com\/index.php\/wp-json\/wp\/v2\/types\/product"}],"replies":[{"embeddable":true,"href":"https:\/\/dualtron-store.com\/index.php\/wp-json\/wp\/v2\/comments?post=21003"}],"wp:featuredmedia":[{"embeddable":true,"href":"https:\/\/dualtron-store.com\/index.php\/wp-json\/wp\/v2\/media\/30452"}],"wp:attachment":[{"href":"https:\/\/dualtron-store.com\/index.php\/wp-json\/wp\/v2\/media?parent=21003"}],"wp:term":[{"taxonomy":"product_cat","embeddable":true,"href":"https:\/\/dualtron-store.com\/index.php\/wp-json\/wp\/v2\/product_cat?post=21003"},{"taxonomy":"product_tag","embeddable":true,"href":"https:\/\/dualtron-store.com\/index.php\/wp-json\/wp\/v2\/product_tag?post=21003"}],"curies":[{"name":"wp","href":"https:\/\/api.w.org\/{rel}","templated":true}]}}