{"id":20826,"date":"2020-06-25T21:07:56","date_gmt":"2020-06-25T19:07:56","guid":{"rendered":"https:\/\/dualtron-store.com\/?post_type=product&#038;p=20826"},"modified":"2025-11-06T13:35:22","modified_gmt":"2025-11-06T12:35:22","slug":"collier-double-renforce-erexx-pour-dualtron","status":"publish","type":"product","link":"https:\/\/dualtron-store.com\/index.php\/produit\/collier-double-renforce-erexx-pour-dualtron\/","title":{"rendered":"Collier double renforc\u00e9 EREXX pour Dualtron"},"content":{"rendered":"","protected":false},"excerpt":{"rendered":"<p>Collier double renforc\u00e9\u00a0<strong>EREXX pour Dualtron.<br \/>\nElimine le jeu et le bruit de\u00a0craquement.<\/strong><\/p>\n<p>Fabriqu\u00e9 en Cor\u00e9e du sud en tr\u00e8s peu d&#8217;exemplaire, ce produit de la prestigieuse marque <strong>EREXX<\/strong> est d&#8217;une qualit\u00e9 de fabrication exceptionnelle.<\/p>\n<p><strong>Dualtron Store est le distributeur officiel des produits EREXX.<\/strong><\/p>\n","protected":false},"featured_media":86672,"comment_status":"open","ping_status":"closed","template":"","meta":{"om_disable_all_campaigns":false,"_mi_skip_tracking":false,"_monsterinsights_sitenote_active":false,"_monsterinsights_sitenote_note":"","_monsterinsights_sitenote_category":0},"product_cat":[275,288,277,618,276,278,274,279,280,18,51],"product_tag":[],"aioseo_notices":[],"_links":{"self":[{"href":"https:\/\/dualtron-store.com\/index.php\/wp-json\/wp\/v2\/product\/20826"}],"collection":[{"href":"https:\/\/dualtron-store.com\/index.php\/wp-json\/wp\/v2\/product"}],"about":[{"href":"https:\/\/dualtron-store.com\/index.php\/wp-json\/wp\/v2\/types\/product"}],"replies":[{"embeddable":true,"href":"https:\/\/dualtron-store.com\/index.php\/wp-json\/wp\/v2\/comments?post=20826"}],"wp:featuredmedia":[{"embeddable":true,"href":"https:\/\/dualtron-store.com\/index.php\/wp-json\/wp\/v2\/media\/86672"}],"wp:attachment":[{"href":"https:\/\/dualtron-store.com\/index.php\/wp-json\/wp\/v2\/media?parent=20826"}],"wp:term":[{"taxonomy":"product_cat","embeddable":true,"href":"https:\/\/dualtron-store.com\/index.php\/wp-json\/wp\/v2\/product_cat?post=20826"},{"taxonomy":"product_tag","embeddable":true,"href":"https:\/\/dualtron-store.com\/index.php\/wp-json\/wp\/v2\/product_tag?post=20826"}],"curies":[{"name":"wp","href":"https:\/\/api.w.org\/{rel}","templated":true}]}}