{"id":2044,"date":"2019-03-22T20:26:21","date_gmt":"2019-03-22T19:26:21","guid":{"rendered":"https:\/\/dualtron-store.com\/?post_type=product&#038;p=2044"},"modified":"2026-04-23T10:19:19","modified_gmt":"2026-04-23T08:19:19","slug":"plaquettes-de-frein-dualtron-thunder-avec-ailettes-de-refroidissement","status":"publish","type":"product","link":"https:\/\/dualtron-store.com\/index.php\/produit\/plaquettes-de-frein-dualtron-thunder-avec-ailettes-de-refroidissement\/","title":{"rendered":"Plaquettes de frein Dualtron NUTT avec ailettes de refroidissement"},"content":{"rendered":"","protected":false},"excerpt":{"rendered":"<p><strong>Jeu de 2 plaquettes de frein pour les Dualtron \u00e9quip\u00e9es de freins NUTT<\/strong> . Ces plaquettes sont identiques \u00e0 celles install\u00e9es d&#8217;origine et disposent donc d&#8217;ailettes de refroidissement pour une meilleure dissipation de la chaleur lors de freinage long et appuy\u00e9.<\/p>\n<p>Pour Dualtron thunder 1, thunder 2, et toutes Dualtron \u00e9quip\u00e9es d&#8217;\u00e9triers NUTT.<\/p>\n","protected":false},"featured_media":96214,"comment_status":"open","ping_status":"closed","template":"","meta":{"om_disable_all_campaigns":false,"_mi_skip_tracking":false,"_monsterinsights_sitenote_active":false,"_monsterinsights_sitenote_note":"","_monsterinsights_sitenote_category":0},"product_cat":[272,274,280,281,273,18,51],"product_tag":[],"aioseo_notices":[],"_links":{"self":[{"href":"https:\/\/dualtron-store.com\/index.php\/wp-json\/wp\/v2\/product\/2044"}],"collection":[{"href":"https:\/\/dualtron-store.com\/index.php\/wp-json\/wp\/v2\/product"}],"about":[{"href":"https:\/\/dualtron-store.com\/index.php\/wp-json\/wp\/v2\/types\/product"}],"replies":[{"embeddable":true,"href":"https:\/\/dualtron-store.com\/index.php\/wp-json\/wp\/v2\/comments?post=2044"}],"wp:featuredmedia":[{"embeddable":true,"href":"https:\/\/dualtron-store.com\/index.php\/wp-json\/wp\/v2\/media\/96214"}],"wp:attachment":[{"href":"https:\/\/dualtron-store.com\/index.php\/wp-json\/wp\/v2\/media?parent=2044"}],"wp:term":[{"taxonomy":"product_cat","embeddable":true,"href":"https:\/\/dualtron-store.com\/index.php\/wp-json\/wp\/v2\/product_cat?post=2044"},{"taxonomy":"product_tag","embeddable":true,"href":"https:\/\/dualtron-store.com\/index.php\/wp-json\/wp\/v2\/product_tag?post=2044"}],"curies":[{"name":"wp","href":"https:\/\/api.w.org\/{rel}","templated":true}]}}