{"id":1982,"date":"2019-03-04T21:13:43","date_gmt":"2019-03-04T20:13:43","guid":{"rendered":"https:\/\/dualtron-store.com\/?post_type=product&#038;p=1982"},"modified":"2026-04-19T16:59:59","modified_gmt":"2026-04-19T14:59:59","slug":"barre-carbone-carbonrevo-pour-toutes-dualtron","status":"publish","type":"product","link":"https:\/\/dualtron-store.com\/index.php\/produit\/barre-carbone-carbonrevo-pour-toutes-dualtron\/","title":{"rendered":"Kiddy bar &#8211; CarbonRevo pour toutes dualtron"},"content":{"rendered":"","protected":false},"excerpt":{"rendered":"<p><strong>Kiddy bar &#8211; carbone CarbonRevo pour tous mod\u00e8les Dualtron.<br \/>\n<\/strong><strong>Compatible toutes\u00a0Dualtron sauf Dualtron X, X2 et X limited.<\/strong><\/p>\n<p>Produit Authentique de la luxueuse marque CarbonRevo.<br \/>\nMade in Singapour.<\/p>\n<ul>\n<li>barre en carbone,<\/li>\n<li>Se fixe au niveau de la colonne,<\/li>\n<li>am\u00e9liore la visibilit\u00e9, embouts LED rouge, 3 positions: \u00e9teint, fixe ou clignotant.<\/li>\n<\/ul>\n<p>Un sticker carbonrevo offert.<\/p>\n","protected":false},"featured_media":86663,"comment_status":"open","ping_status":"closed","template":"","meta":{"om_disable_all_campaigns":false,"_mi_skip_tracking":false,"_monsterinsights_sitenote_active":false,"_monsterinsights_sitenote_note":"","_monsterinsights_sitenote_category":0},"product_cat":[158,18,51],"product_tag":[],"aioseo_notices":[],"_links":{"self":[{"href":"https:\/\/dualtron-store.com\/index.php\/wp-json\/wp\/v2\/product\/1982"}],"collection":[{"href":"https:\/\/dualtron-store.com\/index.php\/wp-json\/wp\/v2\/product"}],"about":[{"href":"https:\/\/dualtron-store.com\/index.php\/wp-json\/wp\/v2\/types\/product"}],"replies":[{"embeddable":true,"href":"https:\/\/dualtron-store.com\/index.php\/wp-json\/wp\/v2\/comments?post=1982"}],"wp:featuredmedia":[{"embeddable":true,"href":"https:\/\/dualtron-store.com\/index.php\/wp-json\/wp\/v2\/media\/86663"}],"wp:attachment":[{"href":"https:\/\/dualtron-store.com\/index.php\/wp-json\/wp\/v2\/media?parent=1982"}],"wp:term":[{"taxonomy":"product_cat","embeddable":true,"href":"https:\/\/dualtron-store.com\/index.php\/wp-json\/wp\/v2\/product_cat?post=1982"},{"taxonomy":"product_tag","embeddable":true,"href":"https:\/\/dualtron-store.com\/index.php\/wp-json\/wp\/v2\/product_tag?post=1982"}],"curies":[{"name":"wp","href":"https:\/\/api.w.org\/{rel}","templated":true}]}}