{"id":19524,"date":"2020-06-10T11:25:01","date_gmt":"2020-06-10T09:25:01","guid":{"rendered":"https:\/\/dualtron-store.com\/?post_type=product&#038;p=19524"},"modified":"2025-12-13T16:20:39","modified_gmt":"2025-12-13T15:20:39","slug":"demarrage-et-alarme-telecommande","status":"publish","type":"product","link":"https:\/\/dualtron-store.com\/index.php\/produit\/demarrage-et-alarme-telecommande\/","title":{"rendered":"D\u00e9marrage et Alarme t\u00e9l\u00e9command\u00e9"},"content":{"rendered":"<p><iframe loading=\"lazy\" title=\"[TUTO] Montage Syst\u00e8me de D\u00e9marrage et Alarme T\u00e9l\u00e9command\u00e9\" width=\"1140\" height=\"641\" src=\"https:\/\/www.youtube.com\/embed\/B96imFmzUcU?feature=oembed\" frameborder=\"0\" allow=\"accelerometer; autoplay; clipboard-write; encrypted-media; gyroscope; picture-in-picture; web-share\" referrerpolicy=\"strict-origin-when-cross-origin\" allowfullscreen><\/iframe><\/p>\n<p>&nbsp;<\/p>\n<p><iframe loading=\"lazy\" title=\"D\u00e9marrage et Alarme t\u00e9l\u00e9command\u00e9 - Dualtron - Zero - Kaabo - installation tr\u00e8s simple\" width=\"1140\" height=\"641\" src=\"https:\/\/www.youtube.com\/embed\/nzP2iZsG8Us?feature=oembed\" frameborder=\"0\" allow=\"accelerometer; autoplay; clipboard-write; encrypted-media; gyroscope; picture-in-picture; web-share\" referrerpolicy=\"strict-origin-when-cross-origin\" allowfullscreen><\/iframe><\/p>\n","protected":false},"excerpt":{"rendered":"<p>Syst\u00e8me de d\u00e9marrage\/extinction avec alarme t\u00e9l\u00e9command\u00e9. Ce syst\u00e8me de s\u00e9curit\u00e9 est compatible pour trottinettes Dualtron, Speedway et Kaabo \u00e9quip\u00e9e de l&#8217;\u00e9lectronique Minimotors 60V. Il dispose de 2 fonctions: &#8211; allumage et arr\u00eat de la trottinette (remplace les syst\u00e8mes de contacteurs \u00e0 cl\u00e9s ou de lecteur d&#8217;empreinte) &#8211; alarme. lorsqu&#8217;elle est activ\u00e9e, le syst\u00e8me \u00e9met un bruit d&#8217;alarme. Celle-ci peut \u00eatre \u00e9galement activ\u00e9e via la t\u00e9l\u00e9commande \u00e0 plusieurs m\u00e8tres de distance. Il est fourni avec 2 t\u00e9l\u00e9commandes. Le gros avantage de ce syst\u00e8me est sa simplicit\u00e9 d&#8217;installation . Il se positionne sur le connecteur 6 fils qui sort du contr\u00f4leur (aucune soudure ou autre \u00e0 r\u00e9aliser). Plug and Play, installation tr\u00e8s rapide, pas de r\u00e9glage. Pr\u00e9sentation du\u00a0fonctionnement et du montage dans les vid\u00e9os ci-dessous.<\/p>\n","protected":false},"featured_media":86453,"comment_status":"open","ping_status":"closed","template":"","meta":{"om_disable_all_campaigns":false,"_mi_skip_tracking":false,"_monsterinsights_sitenote_active":false,"_monsterinsights_sitenote_note":"","_monsterinsights_sitenote_category":0},"product_cat":[275,277,287,276,278,274,279,18,51,52],"product_tag":[],"aioseo_notices":[],"_links":{"self":[{"href":"https:\/\/dualtron-store.com\/index.php\/wp-json\/wp\/v2\/product\/19524"}],"collection":[{"href":"https:\/\/dualtron-store.com\/index.php\/wp-json\/wp\/v2\/product"}],"about":[{"href":"https:\/\/dualtron-store.com\/index.php\/wp-json\/wp\/v2\/types\/product"}],"replies":[{"embeddable":true,"href":"https:\/\/dualtron-store.com\/index.php\/wp-json\/wp\/v2\/comments?post=19524"}],"wp:featuredmedia":[{"embeddable":true,"href":"https:\/\/dualtron-store.com\/index.php\/wp-json\/wp\/v2\/media\/86453"}],"wp:attachment":[{"href":"https:\/\/dualtron-store.com\/index.php\/wp-json\/wp\/v2\/media?parent=19524"}],"wp:term":[{"taxonomy":"product_cat","embeddable":true,"href":"https:\/\/dualtron-store.com\/index.php\/wp-json\/wp\/v2\/product_cat?post=19524"},{"taxonomy":"product_tag","embeddable":true,"href":"https:\/\/dualtron-store.com\/index.php\/wp-json\/wp\/v2\/product_tag?post=19524"}],"curies":[{"name":"wp","href":"https:\/\/api.w.org\/{rel}","templated":true}]}}