{"id":19456,"date":"2020-06-09T16:44:08","date_gmt":"2020-06-09T14:44:08","guid":{"rendered":"https:\/\/dualtron-store.com\/?post_type=product&#038;p=19456"},"modified":"2026-03-11T15:53:01","modified_gmt":"2026-03-11T14:53:01","slug":"crochet-pour-deck-dualtron","status":"publish","type":"product","link":"https:\/\/dualtron-store.com\/index.php\/produit\/crochet-pour-deck-dualtron\/","title":{"rendered":"Crochet pour deck DUALTRON"},"content":{"rendered":"","protected":false},"excerpt":{"rendered":"<p><strong>Crochet pour deck DUALTRON.<\/strong><br \/>\nPermet d&#8217;accrocher la colonne Dualtron en bas du plateau.<br \/>\n2 versions : thunder et dualtron 3.<br \/>\nLa version pour thunder peut \u00eatre mont\u00e9e suer une dualtron New qui en est d\u00e9pourvu de s\u00e9rie.<\/p>\n","protected":false},"featured_media":19459,"comment_status":"open","ping_status":"closed","template":"","meta":{"om_disable_all_campaigns":false,"_mi_skip_tracking":false,"_monsterinsights_sitenote_active":false,"_monsterinsights_sitenote_note":"","_monsterinsights_sitenote_category":0},"product_cat":[346,618,274,18,51],"product_tag":[],"aioseo_notices":[],"_links":{"self":[{"href":"https:\/\/dualtron-store.com\/index.php\/wp-json\/wp\/v2\/product\/19456"}],"collection":[{"href":"https:\/\/dualtron-store.com\/index.php\/wp-json\/wp\/v2\/product"}],"about":[{"href":"https:\/\/dualtron-store.com\/index.php\/wp-json\/wp\/v2\/types\/product"}],"replies":[{"embeddable":true,"href":"https:\/\/dualtron-store.com\/index.php\/wp-json\/wp\/v2\/comments?post=19456"}],"wp:featuredmedia":[{"embeddable":true,"href":"https:\/\/dualtron-store.com\/index.php\/wp-json\/wp\/v2\/media\/19459"}],"wp:attachment":[{"href":"https:\/\/dualtron-store.com\/index.php\/wp-json\/wp\/v2\/media?parent=19456"}],"wp:term":[{"taxonomy":"product_cat","embeddable":true,"href":"https:\/\/dualtron-store.com\/index.php\/wp-json\/wp\/v2\/product_cat?post=19456"},{"taxonomy":"product_tag","embeddable":true,"href":"https:\/\/dualtron-store.com\/index.php\/wp-json\/wp\/v2\/product_tag?post=19456"}],"curies":[{"name":"wp","href":"https:\/\/api.w.org\/{rel}","templated":true}]}}