{"id":1916,"date":"2019-02-05T19:56:36","date_gmt":"2019-02-05T18:56:36","guid":{"rendered":"https:\/\/dualtron-store.com\/?post_type=product&#038;p=1916"},"modified":"2024-12-21T16:00:18","modified_gmt":"2024-12-21T15:00:18","slug":"plaque-de-protection-carbonrevo-pour-dualtron-3-thunder","status":"publish","type":"product","link":"https:\/\/dualtron-store.com\/index.php\/produit\/plaque-de-protection-carbonrevo-pour-dualtron-3-thunder\/","title":{"rendered":"plaque de protection CarbonRevo pour dualtron 3 et thunder"},"content":{"rendered":"","protected":false},"excerpt":{"rendered":"<p>Plaque CarbonRevo se positionnant sur le niveau sup\u00e9rieur de la fourche de dualtron 3 et Thunder. Produit Authentique de la luxueuse marque CarbonRevo. Made in Singapour. Fabriqu\u00e9 \u00e0 partir de fibre de carbone v\u00e9ritable, Tr\u00e8s facile \u00e0 fixer avec les autocollants positionn\u00e9s derri\u00e8re la plaque. port : 2\u20ac50 uniquement. En stock.<\/p>\n","protected":false},"featured_media":1918,"comment_status":"open","ping_status":"closed","template":"","meta":{"om_disable_all_campaigns":false,"_mi_skip_tracking":false,"_monsterinsights_sitenote_active":false,"_monsterinsights_sitenote_note":"","_monsterinsights_sitenote_category":0},"product_cat":[158,18,51],"product_tag":[],"aioseo_notices":[],"_links":{"self":[{"href":"https:\/\/dualtron-store.com\/index.php\/wp-json\/wp\/v2\/product\/1916"}],"collection":[{"href":"https:\/\/dualtron-store.com\/index.php\/wp-json\/wp\/v2\/product"}],"about":[{"href":"https:\/\/dualtron-store.com\/index.php\/wp-json\/wp\/v2\/types\/product"}],"replies":[{"embeddable":true,"href":"https:\/\/dualtron-store.com\/index.php\/wp-json\/wp\/v2\/comments?post=1916"}],"wp:featuredmedia":[{"embeddable":true,"href":"https:\/\/dualtron-store.com\/index.php\/wp-json\/wp\/v2\/media\/1918"}],"wp:attachment":[{"href":"https:\/\/dualtron-store.com\/index.php\/wp-json\/wp\/v2\/media?parent=1916"}],"wp:term":[{"taxonomy":"product_cat","embeddable":true,"href":"https:\/\/dualtron-store.com\/index.php\/wp-json\/wp\/v2\/product_cat?post=1916"},{"taxonomy":"product_tag","embeddable":true,"href":"https:\/\/dualtron-store.com\/index.php\/wp-json\/wp\/v2\/product_tag?post=1916"}],"curies":[{"name":"wp","href":"https:\/\/api.w.org\/{rel}","templated":true}]}}