{"id":1911,"date":"2019-02-05T19:35:11","date_gmt":"2019-02-05T18:35:11","guid":{"rendered":"https:\/\/dualtron-store.com\/?post_type=product&#038;p=1911"},"modified":"2025-12-27T23:17:18","modified_gmt":"2025-12-27T22:17:18","slug":"poignee-carbonrevo-pour-dualtron-et-speedway-4-5","status":"publish","type":"product","link":"https:\/\/dualtron-store.com\/index.php\/produit\/poignee-carbonrevo-pour-dualtron-et-speedway-4-5\/","title":{"rendered":"Poign\u00e9e de transport CarbonRevo pour Dualtron et speedway 4 et 5"},"content":{"rendered":"","protected":false},"excerpt":{"rendered":"<p><strong>Poign\u00e9e de transport CarbonRevo <\/strong>pour Dualtron et speedway 4 et 5.<br \/>\nFinition: rondelles rouges, \u00a0noires ou bleues<\/p>\n<p>Produit Authentique de la luxueuse marque CarbonRevo.<br \/>\nMade in Singapour.<\/p>\n<ul>\n<li>Se fixe au niveau des trous pr\u00e9sents sur la suspension arri\u00e8re,<\/li>\n<li>Design ergonomique,<\/li>\n<li>Rondelles et vis incluses,<\/li>\n<li>Ne peut pas \u00eatre install\u00e9 en m\u00eame temps qu&#8217; un si\u00e8ge.<\/li>\n<\/ul>\n<p><em><span style=\"color: #000000;\">choisissez la couleur des rondelles.<\/span><\/em><\/p>\n","protected":false},"featured_media":86478,"comment_status":"open","ping_status":"closed","template":"","meta":{"om_disable_all_campaigns":false,"_mi_skip_tracking":false,"_monsterinsights_sitenote_active":false,"_monsterinsights_sitenote_note":"","_monsterinsights_sitenote_category":0},"product_cat":[158,275,288,276,274,279,283,282,18,51,52],"product_tag":[],"aioseo_notices":[],"_links":{"self":[{"href":"https:\/\/dualtron-store.com\/index.php\/wp-json\/wp\/v2\/product\/1911"}],"collection":[{"href":"https:\/\/dualtron-store.com\/index.php\/wp-json\/wp\/v2\/product"}],"about":[{"href":"https:\/\/dualtron-store.com\/index.php\/wp-json\/wp\/v2\/types\/product"}],"replies":[{"embeddable":true,"href":"https:\/\/dualtron-store.com\/index.php\/wp-json\/wp\/v2\/comments?post=1911"}],"wp:featuredmedia":[{"embeddable":true,"href":"https:\/\/dualtron-store.com\/index.php\/wp-json\/wp\/v2\/media\/86478"}],"wp:attachment":[{"href":"https:\/\/dualtron-store.com\/index.php\/wp-json\/wp\/v2\/media?parent=1911"}],"wp:term":[{"taxonomy":"product_cat","embeddable":true,"href":"https:\/\/dualtron-store.com\/index.php\/wp-json\/wp\/v2\/product_cat?post=1911"},{"taxonomy":"product_tag","embeddable":true,"href":"https:\/\/dualtron-store.com\/index.php\/wp-json\/wp\/v2\/product_tag?post=1911"}],"curies":[{"name":"wp","href":"https:\/\/api.w.org\/{rel}","templated":true}]}}