{"id":1904,"date":"2019-02-03T18:22:09","date_gmt":"2019-02-03T17:22:09","guid":{"rendered":"https:\/\/dualtron-store.com\/?post_type=product&#038;p=1904"},"modified":"2025-03-30T11:19:44","modified_gmt":"2025-03-30T09:19:44","slug":"systeme-de-fixation-colonne-deck-pour-dualtron","status":"publish","type":"product","link":"https:\/\/dualtron-store.com\/index.php\/produit\/systeme-de-fixation-colonne-deck-pour-dualtron\/","title":{"rendered":"syst\u00e8me de verrouillage colonne\/deck Dualtron"},"content":{"rendered":"","protected":false},"excerpt":{"rendered":"<p>Syst\u00e8me de fixation de la colonne au plateau pour transporter votre Dualtron. Ce syst\u00e8me est celui install\u00e9 de base sur la Thunder et Dualtron 3. Vous pouvez le poser sur toutes Dualtron (Dualtron 2, Ultra, Raptor) sauf spider. Le syst\u00e8me de verrouillage pour Spider est disponible ici : syst\u00e8me verrouillage Spider<\/p>\n","protected":false},"featured_media":1906,"comment_status":"open","ping_status":"closed","template":"","meta":{"om_disable_all_campaigns":false,"_mi_skip_tracking":false,"_monsterinsights_sitenote_active":false,"_monsterinsights_sitenote_note":"","_monsterinsights_sitenote_category":0},"product_cat":[18,51],"product_tag":[],"aioseo_notices":[],"_links":{"self":[{"href":"https:\/\/dualtron-store.com\/index.php\/wp-json\/wp\/v2\/product\/1904"}],"collection":[{"href":"https:\/\/dualtron-store.com\/index.php\/wp-json\/wp\/v2\/product"}],"about":[{"href":"https:\/\/dualtron-store.com\/index.php\/wp-json\/wp\/v2\/types\/product"}],"replies":[{"embeddable":true,"href":"https:\/\/dualtron-store.com\/index.php\/wp-json\/wp\/v2\/comments?post=1904"}],"wp:featuredmedia":[{"embeddable":true,"href":"https:\/\/dualtron-store.com\/index.php\/wp-json\/wp\/v2\/media\/1906"}],"wp:attachment":[{"href":"https:\/\/dualtron-store.com\/index.php\/wp-json\/wp\/v2\/media?parent=1904"}],"wp:term":[{"taxonomy":"product_cat","embeddable":true,"href":"https:\/\/dualtron-store.com\/index.php\/wp-json\/wp\/v2\/product_cat?post=1904"},{"taxonomy":"product_tag","embeddable":true,"href":"https:\/\/dualtron-store.com\/index.php\/wp-json\/wp\/v2\/product_tag?post=1904"}],"curies":[{"name":"wp","href":"https:\/\/api.w.org\/{rel}","templated":true}]}}