{"id":1699,"date":"2018-11-25T21:04:27","date_gmt":"2018-11-25T20:04:27","guid":{"rendered":"https:\/\/dualtron-store.com\/?post_type=product&#038;p=1699"},"modified":"2026-04-16T18:43:38","modified_gmt":"2026-04-16T16:43:38","slug":"pneu-tubeless-pour-dualtron-thunder","status":"publish","type":"product","link":"https:\/\/dualtron-store.com\/index.php\/produit\/pneu-tubeless-pour-dualtron-thunder\/","title":{"rendered":"Pneu tubeless pour DUALTRON Thunder"},"content":{"rendered":"","protected":false},"excerpt":{"rendered":"<p>Pneu tubeless\u00a011 pouces d\u2019origine MiniMotors pour DUALTRON Thunder Pneu officiel et identique \u00e0 celui install\u00e9 d\u2019origine. Livraison express 24-48h Pour plus de facilit\u00e9 ou si la jante est abim\u00e9e, vous pouvez acqu\u00e9rir une roue compl\u00e8te : roue compl\u00e8te thunder<\/p>\n","protected":false},"featured_media":83614,"comment_status":"open","ping_status":"closed","template":"","meta":{"om_disable_all_campaigns":false,"_mi_skip_tracking":false,"_monsterinsights_sitenote_active":false,"_monsterinsights_sitenote_note":"","_monsterinsights_sitenote_category":0},"product_cat":[274,18,51],"product_tag":[],"aioseo_notices":[],"_links":{"self":[{"href":"https:\/\/dualtron-store.com\/index.php\/wp-json\/wp\/v2\/product\/1699"}],"collection":[{"href":"https:\/\/dualtron-store.com\/index.php\/wp-json\/wp\/v2\/product"}],"about":[{"href":"https:\/\/dualtron-store.com\/index.php\/wp-json\/wp\/v2\/types\/product"}],"replies":[{"embeddable":true,"href":"https:\/\/dualtron-store.com\/index.php\/wp-json\/wp\/v2\/comments?post=1699"}],"wp:featuredmedia":[{"embeddable":true,"href":"https:\/\/dualtron-store.com\/index.php\/wp-json\/wp\/v2\/media\/83614"}],"wp:attachment":[{"href":"https:\/\/dualtron-store.com\/index.php\/wp-json\/wp\/v2\/media?parent=1699"}],"wp:term":[{"taxonomy":"product_cat","embeddable":true,"href":"https:\/\/dualtron-store.com\/index.php\/wp-json\/wp\/v2\/product_cat?post=1699"},{"taxonomy":"product_tag","embeddable":true,"href":"https:\/\/dualtron-store.com\/index.php\/wp-json\/wp\/v2\/product_tag?post=1699"}],"curies":[{"name":"wp","href":"https:\/\/api.w.org\/{rel}","templated":true}]}}