{"id":1608,"date":"2018-10-23T21:42:07","date_gmt":"2018-10-23T19:42:07","guid":{"rendered":"https:\/\/dualtron-store.com\/?post_type=product&#038;p=1608"},"modified":"2026-02-18T00:59:17","modified_gmt":"2026-02-17T23:59:17","slug":"ceinture-lumineuse-led","status":"publish","type":"product","link":"https:\/\/dualtron-store.com\/index.php\/produit\/ceinture-lumineuse-led\/","title":{"rendered":"Ceinture lumineuse LED"},"content":{"rendered":"","protected":false},"excerpt":{"rendered":"<p>La visibilit\u00e9 est un \u00e9l\u00e9ment essentiel pour notre s\u00e9curit\u00e9. Cette <strong>ceinture lumineuse Led<\/strong> est rechargeable, r\u00e9glable et lavable gr\u00e2ce \u00e0 sa batterie amovible .<br \/>\n2 positions: fixe ou clignotant. Autonomie de 3 h et rechargement rapide via le c\u00e2ble usb fourni .<\/p>\n","protected":false},"featured_media":86425,"comment_status":"open","ping_status":"closed","template":"","meta":{"om_disable_all_campaigns":false,"_mi_skip_tracking":false,"_monsterinsights_sitenote_active":false,"_monsterinsights_sitenote_note":"","_monsterinsights_sitenote_category":0},"product_cat":[17],"product_tag":[],"aioseo_notices":[],"_links":{"self":[{"href":"https:\/\/dualtron-store.com\/index.php\/wp-json\/wp\/v2\/product\/1608"}],"collection":[{"href":"https:\/\/dualtron-store.com\/index.php\/wp-json\/wp\/v2\/product"}],"about":[{"href":"https:\/\/dualtron-store.com\/index.php\/wp-json\/wp\/v2\/types\/product"}],"replies":[{"embeddable":true,"href":"https:\/\/dualtron-store.com\/index.php\/wp-json\/wp\/v2\/comments?post=1608"}],"wp:featuredmedia":[{"embeddable":true,"href":"https:\/\/dualtron-store.com\/index.php\/wp-json\/wp\/v2\/media\/86425"}],"wp:attachment":[{"href":"https:\/\/dualtron-store.com\/index.php\/wp-json\/wp\/v2\/media?parent=1608"}],"wp:term":[{"taxonomy":"product_cat","embeddable":true,"href":"https:\/\/dualtron-store.com\/index.php\/wp-json\/wp\/v2\/product_cat?post=1608"},{"taxonomy":"product_tag","embeddable":true,"href":"https:\/\/dualtron-store.com\/index.php\/wp-json\/wp\/v2\/product_tag?post=1608"}],"curies":[{"name":"wp","href":"https:\/\/api.w.org\/{rel}","templated":true}]}}