{"id":1588,"date":"2018-10-17T21:45:46","date_gmt":"2018-10-17T19:45:46","guid":{"rendered":"https:\/\/dualtron-store.com\/?post_type=product&#038;p=1588"},"modified":"2026-03-18T07:20:52","modified_gmt":"2026-03-18T06:20:52","slug":"barre-avant-pour-eclairage-dualtron","status":"publish","type":"product","link":"https:\/\/dualtron-store.com\/index.php\/produit\/barre-avant-pour-eclairage-dualtron\/","title":{"rendered":"Barre avant DUALTRON &#8211; Poign\u00e9e ou support pour \u00e9clairage"},"content":{"rendered":"","protected":false},"excerpt":{"rendered":"<p>Barre avant DUALTRON ultime pour une installation lumineuse incomparable ! Cette pi\u00e8ce exceptionnelle, transcende l&#8217;exp\u00e9rience Dualtron en offrant une solution tout-en-un pour l&#8217;\u00e9clairage.<\/p>\n<p>Con\u00e7ue sp\u00e9cifiquement pour les mod\u00e8les <strong>Dualtron 3, Thunder, Victor et d&#8217;autres<\/strong>\u00a0<strong>mod\u00e8les de la marque<\/strong> cette barre\/poign\u00e9e r\u00e9volutionnaire va au-del\u00e0 des attentes en permettant non seulement une installation lumineuse sophistiqu\u00e9e, mais aussi une manipulation facilit\u00e9e de votre pr\u00e9cieux Dualtron.<\/p>\n","protected":false},"featured_media":1589,"comment_status":"open","ping_status":"closed","template":"","meta":{"om_disable_all_campaigns":false,"_mi_skip_tracking":false,"_monsterinsights_sitenote_active":false,"_monsterinsights_sitenote_note":"","_monsterinsights_sitenote_category":0},"product_cat":[275,288,277,276,278,272,274,279,280,18,51],"product_tag":[],"aioseo_notices":[],"_links":{"self":[{"href":"https:\/\/dualtron-store.com\/index.php\/wp-json\/wp\/v2\/product\/1588"}],"collection":[{"href":"https:\/\/dualtron-store.com\/index.php\/wp-json\/wp\/v2\/product"}],"about":[{"href":"https:\/\/dualtron-store.com\/index.php\/wp-json\/wp\/v2\/types\/product"}],"replies":[{"embeddable":true,"href":"https:\/\/dualtron-store.com\/index.php\/wp-json\/wp\/v2\/comments?post=1588"}],"wp:featuredmedia":[{"embeddable":true,"href":"https:\/\/dualtron-store.com\/index.php\/wp-json\/wp\/v2\/media\/1589"}],"wp:attachment":[{"href":"https:\/\/dualtron-store.com\/index.php\/wp-json\/wp\/v2\/media?parent=1588"}],"wp:term":[{"taxonomy":"product_cat","embeddable":true,"href":"https:\/\/dualtron-store.com\/index.php\/wp-json\/wp\/v2\/product_cat?post=1588"},{"taxonomy":"product_tag","embeddable":true,"href":"https:\/\/dualtron-store.com\/index.php\/wp-json\/wp\/v2\/product_tag?post=1588"}],"curies":[{"name":"wp","href":"https:\/\/api.w.org\/{rel}","templated":true}]}}