{"id":1572,"date":"2018-10-10T20:48:32","date_gmt":"2018-10-10T18:48:32","guid":{"rendered":"https:\/\/dualtron-store.com\/?post_type=product&#038;p=1572"},"modified":"2026-01-27T19:02:32","modified_gmt":"2026-01-27T18:02:32","slug":"lecteur-dempreinte-pour-dualtron","status":"publish","type":"product","link":"https:\/\/dualtron-store.com\/index.php\/produit\/lecteur-dempreinte-pour-dualtron\/","title":{"rendered":"lecteur d&#8217;empreinte fingerprint pour Dualtron et Speedway"},"content":{"rendered":"","protected":false},"excerpt":{"rendered":"<p><strong>Ce module d\u00e9velopp\u00e9 par Minimotors<\/strong> permet de d\u00e9marrer votre trottinette du bout du doigt. Posez simplement votre doigt sur le lecteur d&#8217;empreinte pour allumer votre Dualtron ou speedway.<\/p>\n<p>Ce syst\u00e8me de s\u00e9curit\u00e9 de derni\u00e8re g\u00e9n\u00e9ration est disponible pour toutes les Dualtron \u00e9quip\u00e9es de l&#8217;afficheur EY3.<\/p>\n<p><span style=\"color: #993366\"><strong>En stock, livraison 24\/48h.<\/strong><\/span><\/p>\n","protected":false},"featured_media":86659,"comment_status":"open","ping_status":"closed","template":"","meta":{"om_disable_all_campaigns":false,"_mi_skip_tracking":false,"_monsterinsights_sitenote_active":false,"_monsterinsights_sitenote_note":"","_monsterinsights_sitenote_category":0},"product_cat":[275,288,277,287,276,278,272,274,279,280,281,273,283,282,284,285,286,18,51,52],"product_tag":[],"aioseo_notices":[],"_links":{"self":[{"href":"https:\/\/dualtron-store.com\/index.php\/wp-json\/wp\/v2\/product\/1572"}],"collection":[{"href":"https:\/\/dualtron-store.com\/index.php\/wp-json\/wp\/v2\/product"}],"about":[{"href":"https:\/\/dualtron-store.com\/index.php\/wp-json\/wp\/v2\/types\/product"}],"replies":[{"embeddable":true,"href":"https:\/\/dualtron-store.com\/index.php\/wp-json\/wp\/v2\/comments?post=1572"}],"wp:featuredmedia":[{"embeddable":true,"href":"https:\/\/dualtron-store.com\/index.php\/wp-json\/wp\/v2\/media\/86659"}],"wp:attachment":[{"href":"https:\/\/dualtron-store.com\/index.php\/wp-json\/wp\/v2\/media?parent=1572"}],"wp:term":[{"taxonomy":"product_cat","embeddable":true,"href":"https:\/\/dualtron-store.com\/index.php\/wp-json\/wp\/v2\/product_cat?post=1572"},{"taxonomy":"product_tag","embeddable":true,"href":"https:\/\/dualtron-store.com\/index.php\/wp-json\/wp\/v2\/product_tag?post=1572"}],"curies":[{"name":"wp","href":"https:\/\/api.w.org\/{rel}","templated":true}]}}