{"id":1544,"date":"2018-10-06T21:23:42","date_gmt":"2018-10-06T19:23:42","guid":{"rendered":"https:\/\/dualtron-store.com\/?post_type=product&#038;p=1544"},"modified":"2025-01-23T13:42:24","modified_gmt":"2025-01-23T12:42:24","slug":"support-arriere-avec-poignee-pour-dualtron","status":"publish","type":"product","link":"https:\/\/dualtron-store.com\/index.php\/produit\/support-arriere-avec-poignee-pour-dualtron\/","title":{"rendered":"Support arri\u00e8re pour Dualtron ULTRA"},"content":{"rendered":"","protected":false},"excerpt":{"rendered":"<p><span style=\"color: #993366\"><strong>Destockage jusqu&#8217;\u00e0 \u00e9puisement du stock : 29,90\u20ac au lieu de 74,90\u20ac !!<\/strong><\/span><\/p>\n<p>Support arri\u00e8re avec poign\u00e9e pour Dualtron Ultra.<\/p>\n<p>Permet:<br \/>\n&#8211; de porter sa dualtron plus facilement,<br \/>\n&#8211; de fixer le guidon pli\u00e9 avec la petite sangle fournie,<br \/>\n&#8211; de fixer des lumi\u00e8res \u00e0 l&#8217;arri\u00e8re.<\/p>\n","protected":false},"featured_media":86396,"comment_status":"open","ping_status":"closed","template":"","meta":{"om_disable_all_campaigns":false,"_mi_skip_tracking":false,"_monsterinsights_sitenote_active":false,"_monsterinsights_sitenote_note":"","_monsterinsights_sitenote_category":0},"product_cat":[18,51],"product_tag":[],"aioseo_notices":[],"_links":{"self":[{"href":"https:\/\/dualtron-store.com\/index.php\/wp-json\/wp\/v2\/product\/1544"}],"collection":[{"href":"https:\/\/dualtron-store.com\/index.php\/wp-json\/wp\/v2\/product"}],"about":[{"href":"https:\/\/dualtron-store.com\/index.php\/wp-json\/wp\/v2\/types\/product"}],"replies":[{"embeddable":true,"href":"https:\/\/dualtron-store.com\/index.php\/wp-json\/wp\/v2\/comments?post=1544"}],"wp:featuredmedia":[{"embeddable":true,"href":"https:\/\/dualtron-store.com\/index.php\/wp-json\/wp\/v2\/media\/86396"}],"wp:attachment":[{"href":"https:\/\/dualtron-store.com\/index.php\/wp-json\/wp\/v2\/media?parent=1544"}],"wp:term":[{"taxonomy":"product_cat","embeddable":true,"href":"https:\/\/dualtron-store.com\/index.php\/wp-json\/wp\/v2\/product_cat?post=1544"},{"taxonomy":"product_tag","embeddable":true,"href":"https:\/\/dualtron-store.com\/index.php\/wp-json\/wp\/v2\/product_tag?post=1544"}],"curies":[{"name":"wp","href":"https:\/\/api.w.org\/{rel}","templated":true}]}}