{"id":1519,"date":"2018-09-22T21:08:45","date_gmt":"2018-09-22T19:08:45","guid":{"rendered":"https:\/\/dualtron-store.com\/?post_type=product&#038;p=1519"},"modified":"2026-04-23T10:25:34","modified_gmt":"2026-04-23T08:25:34","slug":"pneu-plein-dualtron-mini","status":"publish","type":"product","link":"https:\/\/dualtron-store.com\/index.php\/produit\/pneu-plein-dualtron-mini\/","title":{"rendered":"Pneu plein dualtron mini et ToGo"},"content":{"rendered":"<p><iframe loading=\"lazy\" title=\"Pneu plein Dualtron Mini\" width=\"1140\" height=\"641\" src=\"https:\/\/www.youtube.com\/embed\/BQWVYRQc3Ks?feature=oembed\" frameborder=\"0\" allow=\"accelerometer; autoplay; clipboard-write; encrypted-media; gyroscope; picture-in-picture; web-share\" referrerpolicy=\"strict-origin-when-cross-origin\" allowfullscreen><\/iframe><\/p>\n","protected":false},"excerpt":{"rendered":"<p><strong>Des crevaisons avec votre Dualtron mini, POP ou TOGO ?<\/strong><br \/>\nCe nouveau pneu plein, cr\u00e9\u00e9 sp\u00e9cialement et sur mesure pour la <strong>Dualtron Mini , POP et TOGO<\/strong> est disponible d\u00e8s \u00e0 pr\u00e9sent pour r\u00e9soudre les probl\u00e8mes de crevaisons. Ce pneu plein s&#8217;adapte sur la roue arri\u00e8re ( jante en 2 parties). Ce pneu plein n&#8217;est pas conseill\u00e9 pour la roue avant car tr\u00e8s difficile \u00e0 monter sur une jante en 1 seule partie.<br \/>\nCe pneu est alv\u00e9ol\u00e9, il permet un confort sup\u00e9rieur \u00e0 un pneu plein standard. Ce pneu de bonne largeur vous offre une excellente stabilit\u00e9.<br \/>\n<strong>Dualtron Store vous garantit la compatibilit\u00e9 de ce pneu avec votre Dualtron Mini, votre Dualtron POP ou votre Dualtron TOGO ( sauf pour la Togo limited 60V qui est en 10 pouces)<\/strong><\/p>\n<p>Vous pouvez visionner la video ci-dessous pour le montage.<\/p>\n<p><strong><span style=\"color: #ff0000;\">Attention : d&#8217;autres pneus pleins sont vendus par ailleurs et sont &#8216;adaptables&#8217; et de qualit\u00e9 inf\u00e9rieure.<\/span><\/strong><br \/>\n<strong>Choisir ce pneu plein chez Dualtron Store est la garantie d&#8217;avoir un pneu de qualit\u00e9 et \u00e9galement silencieux ! ( les pneus moins cher sont g\u00e9n\u00e9ralement tr\u00e8s bruyant )<\/strong><\/p>\n<p><strong><span style=\"color: #800080;\">Offre : 47 euros au lieu de 69 euros livraison incluse.<\/span><\/strong><\/p>\n<p><strong><span style=\"color: #800080;\">Envoi gratuit rapide J+1 Chronopost domicile.<\/span><\/strong><\/p>\n<p><strong><span style=\"color: #0000ff;\">En stock. livraison 24-48 heures.<\/span><\/strong><\/p>\n","protected":false},"featured_media":84536,"comment_status":"open","ping_status":"closed","template":"","meta":{"om_disable_all_campaigns":false,"_mi_skip_tracking":false,"_monsterinsights_sitenote_active":false,"_monsterinsights_sitenote_note":"","_monsterinsights_sitenote_category":0},"product_cat":[287,18,51],"product_tag":[],"aioseo_notices":[],"_links":{"self":[{"href":"https:\/\/dualtron-store.com\/index.php\/wp-json\/wp\/v2\/product\/1519"}],"collection":[{"href":"https:\/\/dualtron-store.com\/index.php\/wp-json\/wp\/v2\/product"}],"about":[{"href":"https:\/\/dualtron-store.com\/index.php\/wp-json\/wp\/v2\/types\/product"}],"replies":[{"embeddable":true,"href":"https:\/\/dualtron-store.com\/index.php\/wp-json\/wp\/v2\/comments?post=1519"}],"wp:featuredmedia":[{"embeddable":true,"href":"https:\/\/dualtron-store.com\/index.php\/wp-json\/wp\/v2\/media\/84536"}],"wp:attachment":[{"href":"https:\/\/dualtron-store.com\/index.php\/wp-json\/wp\/v2\/media?parent=1519"}],"wp:term":[{"taxonomy":"product_cat","embeddable":true,"href":"https:\/\/dualtron-store.com\/index.php\/wp-json\/wp\/v2\/product_cat?post=1519"},{"taxonomy":"product_tag","embeddable":true,"href":"https:\/\/dualtron-store.com\/index.php\/wp-json\/wp\/v2\/product_tag?post=1519"}],"curies":[{"name":"wp","href":"https:\/\/api.w.org\/{rel}","templated":true}]}}