{"id":1513,"date":"2018-09-22T16:29:48","date_gmt":"2018-09-22T14:29:48","guid":{"rendered":"https:\/\/dualtron-store.com\/?post_type=product&#038;p=1513"},"modified":"2026-04-09T17:30:33","modified_gmt":"2026-04-09T15:30:33","slug":"support-telephone-neochrome","status":"publish","type":"product","link":"https:\/\/dualtron-store.com\/index.php\/produit\/support-telephone-neochrome\/","title":{"rendered":"Support t\u00e9l\u00e9phone en aluminium"},"content":{"rendered":"","protected":false},"excerpt":{"rendered":"<p><strong>Le support t\u00e9l\u00e9phone GUB n\u00e9ochrome<\/strong> est l&#8217;accessoire ultime pour les amateurs de trottinettes \u00e9lectriques \u00e0 la recherche d&#8217;une touche de style unique. Fabriqu\u00e9 dans un superbe fini n\u00e9ochrome, ce support assure non seulement la s\u00e9curit\u00e9 de votre t\u00e9l\u00e9phone pendant vos trajets, mais il ajoute \u00e9galement une touche d&#8217;\u00e9l\u00e9gance et de modernit\u00e9 \u00e0 votre trottinette.<\/p>\n","protected":false},"featured_media":67848,"comment_status":"open","ping_status":"closed","template":"","meta":{"om_disable_all_campaigns":false,"_mi_skip_tracking":false,"_monsterinsights_sitenote_active":false,"_monsterinsights_sitenote_note":"","_monsterinsights_sitenote_category":0},"product_cat":[18,51,52],"product_tag":[],"aioseo_notices":[],"_links":{"self":[{"href":"https:\/\/dualtron-store.com\/index.php\/wp-json\/wp\/v2\/product\/1513"}],"collection":[{"href":"https:\/\/dualtron-store.com\/index.php\/wp-json\/wp\/v2\/product"}],"about":[{"href":"https:\/\/dualtron-store.com\/index.php\/wp-json\/wp\/v2\/types\/product"}],"replies":[{"embeddable":true,"href":"https:\/\/dualtron-store.com\/index.php\/wp-json\/wp\/v2\/comments?post=1513"}],"wp:featuredmedia":[{"embeddable":true,"href":"https:\/\/dualtron-store.com\/index.php\/wp-json\/wp\/v2\/media\/67848"}],"wp:attachment":[{"href":"https:\/\/dualtron-store.com\/index.php\/wp-json\/wp\/v2\/media?parent=1513"}],"wp:term":[{"taxonomy":"product_cat","embeddable":true,"href":"https:\/\/dualtron-store.com\/index.php\/wp-json\/wp\/v2\/product_cat?post=1513"},{"taxonomy":"product_tag","embeddable":true,"href":"https:\/\/dualtron-store.com\/index.php\/wp-json\/wp\/v2\/product_tag?post=1513"}],"curies":[{"name":"wp","href":"https:\/\/api.w.org\/{rel}","templated":true}]}}