{"id":1498,"date":"2018-09-20T16:37:25","date_gmt":"2018-09-20T14:37:25","guid":{"rendered":"https:\/\/dualtron-store.com\/?post_type=product&#038;p=1498"},"modified":"2025-05-09T11:23:31","modified_gmt":"2025-05-09T09:23:31","slug":"phare-led-puissant-et-rechargeable","status":"publish","type":"product","link":"https:\/\/dualtron-store.com\/index.php\/produit\/phare-led-puissant-et-rechargeable\/","title":{"rendered":"Phare Led puissant et rechargeable"},"content":{"rendered":"","protected":false},"excerpt":{"rendered":"<p><strong>Ce Phare est \u00e9quip\u00e9 de 2 LED permettant un \u00e9clairage puissant de 5000 Lumen.<\/strong><br \/>\nIl est \u00e9tanche et \u00e9quip\u00e9e d&#8217;une batterie rechargeable de 6400 mAh \u00a0permettant une autonomie allant jusque 4 heures.<\/p>\n<p><strong>Extr\u00eamement performant au regard de sa taille. Vous serez surpris de son efficacit\u00e9 et de son \u00e9clairage tr\u00e8s puissant.<\/strong><\/p>\n<p>4\u00a0<span style=\"font-size: 12pt\">positions : Faible, Moyen, Forte, Stroboscopique.<\/span><\/p>\n<p>Chargeur inclus.<\/p>\n","protected":false},"featured_media":1499,"comment_status":"open","ping_status":"closed","template":"","meta":{"om_disable_all_campaigns":false,"_mi_skip_tracking":false,"_monsterinsights_sitenote_active":false,"_monsterinsights_sitenote_note":"","_monsterinsights_sitenote_category":0},"product_cat":[275,277,287,276,278,272,274,279,280,281,273,283,282,284,285,286,18,51,52],"product_tag":[],"aioseo_notices":[],"_links":{"self":[{"href":"https:\/\/dualtron-store.com\/index.php\/wp-json\/wp\/v2\/product\/1498"}],"collection":[{"href":"https:\/\/dualtron-store.com\/index.php\/wp-json\/wp\/v2\/product"}],"about":[{"href":"https:\/\/dualtron-store.com\/index.php\/wp-json\/wp\/v2\/types\/product"}],"replies":[{"embeddable":true,"href":"https:\/\/dualtron-store.com\/index.php\/wp-json\/wp\/v2\/comments?post=1498"}],"wp:featuredmedia":[{"embeddable":true,"href":"https:\/\/dualtron-store.com\/index.php\/wp-json\/wp\/v2\/media\/1499"}],"wp:attachment":[{"href":"https:\/\/dualtron-store.com\/index.php\/wp-json\/wp\/v2\/media?parent=1498"}],"wp:term":[{"taxonomy":"product_cat","embeddable":true,"href":"https:\/\/dualtron-store.com\/index.php\/wp-json\/wp\/v2\/product_cat?post=1498"},{"taxonomy":"product_tag","embeddable":true,"href":"https:\/\/dualtron-store.com\/index.php\/wp-json\/wp\/v2\/product_tag?post=1498"}],"curies":[{"name":"wp","href":"https:\/\/api.w.org\/{rel}","templated":true}]}}