{"id":14730,"date":"2020-03-31T21:11:59","date_gmt":"2020-03-31T19:11:59","guid":{"rendered":"https:\/\/dualtron-store.com\/?post_type=product&#038;p=14730"},"modified":"2025-02-10T15:48:07","modified_gmt":"2025-02-10T14:48:07","slug":"multi-ports-de-charge-minimotors","status":"publish","type":"product","link":"https:\/\/dualtron-store.com\/index.php\/produit\/multi-ports-de-charge-minimotors\/","title":{"rendered":"Multi-ports de charge MiniMotors"},"content":{"rendered":"","protected":false},"excerpt":{"rendered":"<p>Multi-ports de charge avec afficheur MiniMotors. Produit officiel MiniMotors. Fonctionne avec les trotts\u00a0Dualtron, Kaabo, Speedway, ZERO, &#8230; Id\u00e9al pour les trottinettes, comme les Kaabo, disposant d&#8217;un seul port de charge pour mettre 2 chargeurs . Ajoute une s\u00e9curit\u00e9 lors de la charge gr\u00e2ce au fusible pr\u00e9sent sur le produit. En Stock.<\/p>\n","protected":false},"featured_media":14732,"comment_status":"open","ping_status":"closed","template":"","meta":{"om_disable_all_campaigns":false,"_mi_skip_tracking":false,"_monsterinsights_sitenote_active":false,"_monsterinsights_sitenote_note":"","_monsterinsights_sitenote_category":0},"product_cat":[18,51,52],"product_tag":[],"aioseo_notices":[],"_links":{"self":[{"href":"https:\/\/dualtron-store.com\/index.php\/wp-json\/wp\/v2\/product\/14730"}],"collection":[{"href":"https:\/\/dualtron-store.com\/index.php\/wp-json\/wp\/v2\/product"}],"about":[{"href":"https:\/\/dualtron-store.com\/index.php\/wp-json\/wp\/v2\/types\/product"}],"replies":[{"embeddable":true,"href":"https:\/\/dualtron-store.com\/index.php\/wp-json\/wp\/v2\/comments?post=14730"}],"wp:featuredmedia":[{"embeddable":true,"href":"https:\/\/dualtron-store.com\/index.php\/wp-json\/wp\/v2\/media\/14732"}],"wp:attachment":[{"href":"https:\/\/dualtron-store.com\/index.php\/wp-json\/wp\/v2\/media?parent=14730"}],"wp:term":[{"taxonomy":"product_cat","embeddable":true,"href":"https:\/\/dualtron-store.com\/index.php\/wp-json\/wp\/v2\/product_cat?post=14730"},{"taxonomy":"product_tag","embeddable":true,"href":"https:\/\/dualtron-store.com\/index.php\/wp-json\/wp\/v2\/product_tag?post=14730"}],"curies":[{"name":"wp","href":"https:\/\/api.w.org\/{rel}","templated":true}]}}