{"id":14723,"date":"2020-03-31T18:27:31","date_gmt":"2020-03-31T16:27:31","guid":{"rendered":"https:\/\/dualtron-store.com\/?post_type=product&#038;p=14723"},"modified":"2025-12-12T15:41:11","modified_gmt":"2025-12-12T14:41:11","slug":"extension-potence-erexx-pour-dualtron","status":"publish","type":"product","link":"https:\/\/dualtron-store.com\/index.php\/produit\/extension-potence-erexx-pour-dualtron\/","title":{"rendered":"Extension potence EREXX pour Dualtron"},"content":{"rendered":"","protected":false},"excerpt":{"rendered":"<p>Extension de potence EREXX pour Dualtron de 6 cm. Potentiellement compatible avec d&#8217;autres marques . Veuillez nous contacter. Fabriqu\u00e9 en Cor\u00e9e du sud en tr\u00e8s peu d&#8217;exemplaire, ce produit est d&#8217;une qualit\u00e9 de fabrication exceptionnelle. MobUrbaine \/ Dualtron-store\u00a0 est le distributeur officiel des produits EREXX.<\/p>\n","protected":false},"featured_media":84882,"comment_status":"open","ping_status":"closed","template":"","meta":{"om_disable_all_campaigns":false,"_mi_skip_tracking":false,"_monsterinsights_sitenote_active":false,"_monsterinsights_sitenote_note":"","_monsterinsights_sitenote_category":0},"product_cat":[18,51],"product_tag":[],"aioseo_notices":[],"_links":{"self":[{"href":"https:\/\/dualtron-store.com\/index.php\/wp-json\/wp\/v2\/product\/14723"}],"collection":[{"href":"https:\/\/dualtron-store.com\/index.php\/wp-json\/wp\/v2\/product"}],"about":[{"href":"https:\/\/dualtron-store.com\/index.php\/wp-json\/wp\/v2\/types\/product"}],"replies":[{"embeddable":true,"href":"https:\/\/dualtron-store.com\/index.php\/wp-json\/wp\/v2\/comments?post=14723"}],"wp:featuredmedia":[{"embeddable":true,"href":"https:\/\/dualtron-store.com\/index.php\/wp-json\/wp\/v2\/media\/84882"}],"wp:attachment":[{"href":"https:\/\/dualtron-store.com\/index.php\/wp-json\/wp\/v2\/media?parent=14723"}],"wp:term":[{"taxonomy":"product_cat","embeddable":true,"href":"https:\/\/dualtron-store.com\/index.php\/wp-json\/wp\/v2\/product_cat?post=14723"},{"taxonomy":"product_tag","embeddable":true,"href":"https:\/\/dualtron-store.com\/index.php\/wp-json\/wp\/v2\/product_tag?post=14723"}],"curies":[{"name":"wp","href":"https:\/\/api.w.org\/{rel}","templated":true}]}}