{"id":1452,"date":"2022-06-23T13:35:36","date_gmt":"2022-06-23T11:35:36","guid":{"rendered":"https:\/\/dualtron-store.com\/?post_type=product&#038;p=1452"},"modified":"2024-09-26T18:45:07","modified_gmt":"2024-09-26T16:45:07","slug":"dualtron-3","status":"publish","type":"product","link":"https:\/\/dualtron-store.com\/index.php\/produit\/dualtron-3\/","title":{"rendered":"Dualtron 3"},"content":{"rendered":"<div><strong>Caract\u00e9ristiques techniques :<\/strong><\/div>\n<div>\n<ul>\n<li>80 km d\u2019autonomie (mode L1)<\/li>\n<li>Poids : 36 kg<\/li>\n<li>Longueur 113,7 \u00d7\u00a0 hauteur 52,6 cm (pli\u00e9e)<\/li>\n<li>Longueur 113,7 \u00d7 largeur 60,9 \u00d7 hauteur 120 cm (d\u00e9pli\u00e9e)<\/li>\n<li>Charge max : 120 kg<\/li>\n<li>Pente : environ 70 %<\/li>\n<li>Puissance max\u00a03600 w brushless<\/li>\n<li>Batterie Li-Po 60v 28ah<\/li>\n<li>Temps de charge complet 14h<\/li>\n<li>Freins \u00e0 disque + ABS<\/li>\n<li>Roues 10\u2033 pneus route tubeless<\/li>\n<li>Led avant\/arri\u00e8re<\/li>\n<li>Cadre aluminium<\/li>\n<li>Suspension pneumatique avant et arri\u00e8re<\/li>\n<\/ul>\n<\/div>\n","protected":false},"excerpt":{"rendered":"<p><img loading=\"lazy\" class=\"alignnone wp-image-614\" src=\"https:\/\/dualtron-store.com\/wp-content\/uploads\/2018\/06\/dulatron.png\" alt=\"\" width=\"246\" height=\"52\" \/><\/p>\n<p>Pour une trottinette \u00e9lectrique\u00a0<strong>performante<\/strong>\u00a0et utile dans la vie de tous les jours, la Dualtron 3 est parfaite pour cela\u00a0!<\/p>\n<p>Avec une vitesse maximale de\u00a0<strong>65km\/h<\/strong>, elle a une\u00a0<strong>autonomie<\/strong>\u00a0de\u00a0<strong>80km<\/strong>\u00a0gr\u00e2ce deux\u00a0<strong>moteur BLDC HUB<\/strong>\u00a0puissant de\u00a0<strong>3600W<\/strong>. Elle est compos\u00e9e d\u2019une\u00a0<strong>batterie 59,2V 28Ah<\/strong>\u00a0de type\u00a0<strong>Li-Ion<\/strong>\u00a0et n\u00e9cessite tout de m\u00eame\u00a0<strong>14h de charge<\/strong>\u00a0pour profiter pleinement de sa puissance.<\/p>\n<p>Elle mesure\u00a0<strong>115cm de longueur<\/strong>,\u00a0<strong>61cm de largeur<\/strong>\u00a0et\u00a0<strong>120,3cm de hauteur<\/strong>, ce qui vous permettra de la transporter partout avec vous ou de la placer dans le coffre de votre voiture. Cependant, elle p\u00e8se\u00a0<strong>36,2kg<\/strong>\u00a0mais a la capacit\u00e9 de franchir des\u00a0<strong>mont\u00e9es de 35\u00b0<\/strong>\u00a0pour un\u00a0<strong>poids conducteur<\/strong>\u00a0maximal de\u00a0<strong>120kg<\/strong>.<\/p>\n<p>Afin d\u2019avoir toutes les informations n\u00e9cessaires pendant votre d\u00e9placement, la trottinette est munie d\u2019un\u00a0<strong>tableau de bord multifonctions LCD<\/strong>\u00a0indiquant le\u00a0<strong>niveau de charge de la batterie<\/strong>, un\u00a0<strong>odom\u00e8tre\u00a0<\/strong>pour la vitesse, le\u00a0<strong>temps<\/strong>\u00a0qui s\u2019\u00e9coule ainsi que le\u00a0<strong>mode<\/strong>\u00a0s\u00e9lectionn\u00e9.<\/p>\n<p>Pour une meilleure visibilit\u00e9, des\u00a0<strong>doubles phares LED<\/strong>\u00a0et un\u00a0<strong>feu de freinage<\/strong>\u00a0sont int\u00e9gr\u00e9s. Quelques nouveaut\u00e9s sont \u00e0 pr\u00e9voir sur ce v\u00e9hicule, en effet une\u00a0<strong>nouvelle suspension \u00e0 l\u2019avant<\/strong>\u00a0donne la possibilit\u00e9 de modifier sa cartouche pour une\u00a0<strong>meilleure agilit\u00e9<\/strong>\u00a0ou un\u00a0<strong>amorti plus assur\u00e9<\/strong>, notamment avec un\u00a0<strong>r\u00e9glage de 5 niveaux<\/strong>, et une\u00a0<strong>suspension en caoutchouc<\/strong>\u00a0r\u00e9glable en 45 \u00e9tapes.<\/p>\n<p>Une trottinette<strong>\u00a0innovante<\/strong>\u00a0qui vous satisfera au quotidien.<\/p>\n","protected":false},"featured_media":1453,"comment_status":"open","ping_status":"closed","template":"","meta":{"om_disable_all_campaigns":false,"_mi_skip_tracking":false,"_monsterinsights_sitenote_active":false,"_monsterinsights_sitenote_note":"","_monsterinsights_sitenote_category":0},"product_cat":[38],"product_tag":[],"aioseo_notices":[],"_links":{"self":[{"href":"https:\/\/dualtron-store.com\/index.php\/wp-json\/wp\/v2\/product\/1452"}],"collection":[{"href":"https:\/\/dualtron-store.com\/index.php\/wp-json\/wp\/v2\/product"}],"about":[{"href":"https:\/\/dualtron-store.com\/index.php\/wp-json\/wp\/v2\/types\/product"}],"replies":[{"embeddable":true,"href":"https:\/\/dualtron-store.com\/index.php\/wp-json\/wp\/v2\/comments?post=1452"}],"wp:featuredmedia":[{"embeddable":true,"href":"https:\/\/dualtron-store.com\/index.php\/wp-json\/wp\/v2\/media\/1453"}],"wp:attachment":[{"href":"https:\/\/dualtron-store.com\/index.php\/wp-json\/wp\/v2\/media?parent=1452"}],"wp:term":[{"taxonomy":"product_cat","embeddable":true,"href":"https:\/\/dualtron-store.com\/index.php\/wp-json\/wp\/v2\/product_cat?post=1452"},{"taxonomy":"product_tag","embeddable":true,"href":"https:\/\/dualtron-store.com\/index.php\/wp-json\/wp\/v2\/product_tag?post=1452"}],"curies":[{"name":"wp","href":"https:\/\/api.w.org\/{rel}","templated":true}]}}