{"id":14384,"date":"2020-03-25T17:36:27","date_gmt":"2020-03-25T16:36:27","guid":{"rendered":"https:\/\/dualtron-store.com\/?post_type=product&#038;p=14384"},"modified":"2025-09-02T14:43:28","modified_gmt":"2025-09-02T12:43:28","slug":"dualtron-compact","status":"publish","type":"product","link":"https:\/\/dualtron-store.com\/index.php\/produit\/dualtron-compact\/","title":{"rendered":"Dualtron Compact"},"content":{"rendered":"<div><strong>Caract\u00e9ristiques techniques :<\/strong><\/div>\n<div>\n<ul>\n<li>50 km d\u2019autonomie<\/li>\n<li>Poids : 31 kg<\/li>\n<li>Longueur 106 \u00d7\u00a0 hauteur 50 cm (pli\u00e9e)<\/li>\n<li>Longueur 106 \u00d7 largeur 61 \u00d7 hauteur 117 cm (d\u00e9pli\u00e9e)<\/li>\n<li>Charge max : 120 kg<\/li>\n<li>Puissance : 3000 W<\/li>\n<li>Batterie Li-Po 60v 21ah<\/li>\n<li>Temps de charge complet 11h<\/li>\n<li>Freins : tambours \u00e0 l&#8217;avant et \u00e0 l&#8217;arri\u00e8re + \u00e9lectromagn\u00e9tique (KERS)<\/li>\n<li>Roues 8\u2033 pneus pleins<\/li>\n<li>Led avant\/arri\u00e8re<\/li>\n<li>Cadre aluminium<\/li>\n<li>Suspension pneumatique avant et arri\u00e8re<\/li>\n<\/ul>\n<\/div>\n","protected":false},"excerpt":{"rendered":"<p><img loading=\"lazy\" class=\"alignnone wp-image-614\" src=\"https:\/\/dualtron-store.com\/wp-content\/uploads\/2018\/06\/dulatron.png\" alt=\"\" width=\"246\" height=\"52\" \/><\/p>\n<p>La <strong>Dualtron Compact <\/strong>est comme son nom l&#8217;indique compacte : par sa taille et sa capacit\u00e9 de pliage avec son guidon pliable .<br \/>\nElle dispose de <strong>2 moteurs de 1000 W<\/strong>, ce qui lui procure une tr\u00e8s\u00a0grande puissance et peut\u00a0atteindre, sur route priv\u00e9e, une vitesse de<strong> 60\u00a0km\/h<\/strong>. La grande capacit\u00e9 de sa batterie lui permet de parcourir <strong>plus de 50 km<\/strong>.<\/p>\n<p>Cette<strong> Dualtron Compact a<\/strong> le gros avantage de disposer de<strong> pneus pleins <\/strong>pour \u00e9viter tous risques de crevaison.<\/p>\n<p>Elle est \u00e9quip\u00e9e de l&#8217;afficheur <strong>EY3<\/strong>, ce qui lui permet d&#8217;accueillir, en option, le lecteur d&#8217;empreinte pour un d\u00e9marrage s\u00e9curis\u00e9.<\/p>\n<p><span style=\"color: #0000ff;\"><strong>Possibilit\u00e9 de r\u00e9gler en 3X ou 4X Carte bancaire sans justificatif.<\/strong><\/span><\/p>\n","protected":false},"featured_media":14385,"comment_status":"open","ping_status":"closed","template":"","meta":{"om_disable_all_campaigns":false,"_mi_skip_tracking":false,"_monsterinsights_sitenote_active":false,"_monsterinsights_sitenote_note":"","_monsterinsights_sitenote_category":0},"product_cat":[38],"product_tag":[],"aioseo_notices":[],"_links":{"self":[{"href":"https:\/\/dualtron-store.com\/index.php\/wp-json\/wp\/v2\/product\/14384"}],"collection":[{"href":"https:\/\/dualtron-store.com\/index.php\/wp-json\/wp\/v2\/product"}],"about":[{"href":"https:\/\/dualtron-store.com\/index.php\/wp-json\/wp\/v2\/types\/product"}],"replies":[{"embeddable":true,"href":"https:\/\/dualtron-store.com\/index.php\/wp-json\/wp\/v2\/comments?post=14384"}],"wp:featuredmedia":[{"embeddable":true,"href":"https:\/\/dualtron-store.com\/index.php\/wp-json\/wp\/v2\/media\/14385"}],"wp:attachment":[{"href":"https:\/\/dualtron-store.com\/index.php\/wp-json\/wp\/v2\/media?parent=14384"}],"wp:term":[{"taxonomy":"product_cat","embeddable":true,"href":"https:\/\/dualtron-store.com\/index.php\/wp-json\/wp\/v2\/product_cat?post=14384"},{"taxonomy":"product_tag","embeddable":true,"href":"https:\/\/dualtron-store.com\/index.php\/wp-json\/wp\/v2\/product_tag?post=14384"}],"curies":[{"name":"wp","href":"https:\/\/api.w.org\/{rel}","templated":true}]}}