{"id":12373,"date":"2020-02-21T21:18:55","date_gmt":"2020-02-21T20:18:55","guid":{"rendered":"https:\/\/dualtron-store.com\/?post_type=product&#038;p=12373"},"modified":"2024-01-04T16:17:39","modified_gmt":"2024-01-04T15:17:39","slug":"deck-3d-led-lumineux-dualtron","status":"publish","type":"product","link":"https:\/\/dualtron-store.com\/index.php\/produit\/deck-3d-led-lumineux-dualtron\/","title":{"rendered":"Deck 3D LED lumineux Dualtron"},"content":{"rendered":"<p><iframe loading=\"lazy\" title=\"deck 3D LED MobUrbaine\" width=\"1140\" height=\"641\" src=\"https:\/\/www.youtube.com\/embed\/0sqz-eEKFjY?feature=oembed\" frameborder=\"0\" allow=\"accelerometer; autoplay; clipboard-write; encrypted-media; gyroscope; picture-in-picture\" allowfullscreen><\/iframe><\/p>\n","protected":false},"excerpt":{"rendered":"<p>Ce <strong>deck 3D LED lumineux<\/strong> permet de customiser votre Dualtron. Il remplace votre plateau d&#8217;origine.<br \/>\nLes avantages de ce deck :<br \/>\n&#8211; Montage en 10 minutes grace \u00e0 un connecteur en Y,<br \/>\n&#8211; Surface antid\u00e9rapante,<br \/>\n&#8211; Fourni avec une t\u00e9l\u00e9commande,<br \/>\n&#8211; possibilit\u00e9 de mettre en lumi\u00e8re &#8216;fixe&#8217; sur une couleur ou en mode al\u00e9atoire.<\/p>\n<p><a href=\"https:\/\/youtu.be\/0sqz-eEKFjY\">cliquez ici pour voir une video du deck 3D LED<\/a><\/p>\n","protected":false},"featured_media":12382,"comment_status":"open","ping_status":"closed","template":"","meta":{"om_disable_all_campaigns":false,"_mi_skip_tracking":false,"_monsterinsights_sitenote_active":false,"_monsterinsights_sitenote_note":"","_monsterinsights_sitenote_category":0},"product_cat":[18,51],"product_tag":[],"aioseo_notices":[],"_links":{"self":[{"href":"https:\/\/dualtron-store.com\/index.php\/wp-json\/wp\/v2\/product\/12373"}],"collection":[{"href":"https:\/\/dualtron-store.com\/index.php\/wp-json\/wp\/v2\/product"}],"about":[{"href":"https:\/\/dualtron-store.com\/index.php\/wp-json\/wp\/v2\/types\/product"}],"replies":[{"embeddable":true,"href":"https:\/\/dualtron-store.com\/index.php\/wp-json\/wp\/v2\/comments?post=12373"}],"wp:featuredmedia":[{"embeddable":true,"href":"https:\/\/dualtron-store.com\/index.php\/wp-json\/wp\/v2\/media\/12382"}],"wp:attachment":[{"href":"https:\/\/dualtron-store.com\/index.php\/wp-json\/wp\/v2\/media?parent=12373"}],"wp:term":[{"taxonomy":"product_cat","embeddable":true,"href":"https:\/\/dualtron-store.com\/index.php\/wp-json\/wp\/v2\/product_cat?post=12373"},{"taxonomy":"product_tag","embeddable":true,"href":"https:\/\/dualtron-store.com\/index.php\/wp-json\/wp\/v2\/product_tag?post=12373"}],"curies":[{"name":"wp","href":"https:\/\/api.w.org\/{rel}","templated":true}]}}