{"id":10011,"date":"2020-01-16T21:16:25","date_gmt":"2020-01-16T20:16:25","guid":{"rendered":"https:\/\/dualtron-store.com\/?post_type=product&#038;p=10011"},"modified":"2024-05-10T14:03:53","modified_gmt":"2024-05-10T12:03:53","slug":"sac-de-transport","status":"publish","type":"product","link":"https:\/\/dualtron-store.com\/index.php\/produit\/sac-de-transport\/","title":{"rendered":"Sac de transport"},"content":{"rendered":"","protected":false},"excerpt":{"rendered":"<p><strong>Sac de transport pour trottinette \u00e9lectrique.<br \/>\n<\/strong>2 mod\u00e8les:<br \/>\n&#8211; Version 8 pouces pour petite trottinette \u00e9lectrique inf\u00e9rieure \u00e0 8 pouces.<br \/>\n&#8211; Version 10 pouces pour trottinettes de 8 \u00e0 9 pouces (ex: Speedway mini 4 pro, Etwow booster GT, Xiaomi, Zero 8 et 9 , Speedway Leger ).<\/p>\n","protected":false},"featured_media":10014,"comment_status":"open","ping_status":"closed","template":"","meta":{"om_disable_all_campaigns":false,"_mi_skip_tracking":false,"_monsterinsights_sitenote_active":false,"_monsterinsights_sitenote_note":"","_monsterinsights_sitenote_category":0},"product_cat":[17],"product_tag":[],"aioseo_notices":[],"_links":{"self":[{"href":"https:\/\/dualtron-store.com\/index.php\/wp-json\/wp\/v2\/product\/10011"}],"collection":[{"href":"https:\/\/dualtron-store.com\/index.php\/wp-json\/wp\/v2\/product"}],"about":[{"href":"https:\/\/dualtron-store.com\/index.php\/wp-json\/wp\/v2\/types\/product"}],"replies":[{"embeddable":true,"href":"https:\/\/dualtron-store.com\/index.php\/wp-json\/wp\/v2\/comments?post=10011"}],"wp:featuredmedia":[{"embeddable":true,"href":"https:\/\/dualtron-store.com\/index.php\/wp-json\/wp\/v2\/media\/10014"}],"wp:attachment":[{"href":"https:\/\/dualtron-store.com\/index.php\/wp-json\/wp\/v2\/media?parent=10011"}],"wp:term":[{"taxonomy":"product_cat","embeddable":true,"href":"https:\/\/dualtron-store.com\/index.php\/wp-json\/wp\/v2\/product_cat?post=10011"},{"taxonomy":"product_tag","embeddable":true,"href":"https:\/\/dualtron-store.com\/index.php\/wp-json\/wp\/v2\/product_tag?post=10011"}],"curies":[{"name":"wp","href":"https:\/\/api.w.org\/{rel}","templated":true}]}}